{"id":3862,"date":"2023-03-16T14:01:13","date_gmt":"2023-03-16T14:01:13","guid":{"rendered":"https:\/\/phimastersasenka.com\/?post_type=product&#038;p=3862"},"modified":"2023-03-16T14:37:26","modified_gmt":"2023-03-16T14:37:26","slug":"powderbrows-curso-en-vivo-mexico","status":"publish","type":"product","link":"https:\/\/phimastersasenka.com\/es\/producto\/powderbrows-curso-en-vivo-mexico\/","title":{"rendered":"PowderBrows Curso en vivo MEXICO"},"content":{"rendered":"<h2>STARTER KIT<\/h2>\n<ul>\n<li>1x Phicontour Brown 1<\/li>\n<li>1x PhiContour Brown 2<\/li>\n<li>1x PhiContour Brown 3<\/li>\n<li>1x Red<\/li>\n<li>1x Yellow<\/li>\n<li>1x Black SUPE<\/li>\n<li>5x Makeup removr Wipes<\/li>\n<li>1x Devider<\/li>\n<li>1x Scissors &amp; Tweezers<\/li>\n<li>1x Blanc (3 Pcs)<\/li>\n<li>1x Drawing Pencil Set (2 pcs)<\/li>\n<li>1x Phifoam<\/li>\n<li>1x Self adhesive Pigment Container (50 pcs)<\/li>\n<li>1x Phi Tinner<\/li>\n<li>1x Mixer<\/li>\n<li>Skin Candy (50 Pcs)<\/li>\n<\/ul>\n","protected":false},"excerpt":{"rendered":"<p><b data-stringify-type=\"bold\">\u2013 Deposit ($515)<br \/>\n<\/b><b data-stringify-type=\"bold\">\u2013 Starter Kit ($2,400) + 3% Processing Fees + $50 Shipping in USA (shipping outside the US is charged extra)<\/b><\/p>\n<p>Esta t\u00e9cnica ha existido durante d\u00e9cadas, pero ha mejorado gradualmente a lo largo de los a\u00f1os.<\/p>\n<p>Las cejas en polvo consisten en la aplicaci\u00f3n de diminutos puntos de pigmento, que se insertan en la piel y van adquiriendo color y una forma m\u00e1s definida.<br \/>\nNo es necesario tener experiencia previa ni ser artista ni saber dibujar una ceja. Este curso est\u00e1 dise\u00f1ado para brindarle el conocimiento, las habilidades y la confianza para desarrollar una carrera gratificante en esta industria.<\/p>\n","protected":false},"featured_media":3861,"template":"","meta":{"_expiration-date-status":"","_expiration-date":0,"_expiration-date-type":"","_expiration-date-categories":[],"_expiration-date-options":[]},"product_cat":[57],"product_tag":[],"class_list":["post-3862","product","type-product","status-publish","has-post-thumbnail","hentry","product_cat-live-courses-es","product_shipping_class-online-training-es"],"yoast_head":"<!-- This site is optimized with the Yoast SEO plugin v19.10 - https:\/\/yoast.com\/wordpress\/plugins\/seo\/ -->\n<title>PowderBrows Curso en vivo MEXICO - Sasenka Martic<\/title>\n<meta name=\"robots\" content=\"index, follow, max-snippet:-1, max-image-preview:large, max-video-preview:-1\" \/>\n<link rel=\"canonical\" href=\"https:\/\/phimastersasenka.com\/es\/producto\/powderbrows-curso-en-vivo-mexico\/\" \/>\n<meta property=\"og:locale\" content=\"es_ES\" \/>\n<meta property=\"og:type\" content=\"article\" \/>\n<meta property=\"og:title\" content=\"PowderBrows Curso en vivo MEXICO - Sasenka Martic\" \/>\n<meta property=\"og:description\" content=\"\u2013 Deposit ($515) \u2013 Starter Kit ($2,400) + 3% Processing Fees + $50 Shipping in USA (shipping outside the US is charged extra)  Esta t\u00e9cnica ha existido durante d\u00e9cadas, pero ha mejorado gradualmente a lo largo de los a\u00f1os.  Las cejas en polvo consisten en la aplicaci\u00f3n de diminutos puntos de pigmento, que se insertan en la piel y van adquiriendo color y una forma m\u00e1s definida. No es necesario tener experiencia previa ni ser artista ni saber dibujar una ceja. Este curso est\u00e1 dise\u00f1ado para brindarle el conocimiento, las habilidades y la confianza para desarrollar una carrera gratificante en esta industria.\" \/>\n<meta property=\"og:url\" content=\"https:\/\/phimastersasenka.com\/es\/producto\/powderbrows-curso-en-vivo-mexico\/\" \/>\n<meta property=\"og:site_name\" content=\"Sasenka Martic\" \/>\n<meta property=\"article:modified_time\" content=\"2023-03-16T14:37:26+00:00\" \/>\n<meta property=\"og:image\" content=\"https:\/\/phimastersasenka.com\/wp-content\/uploads\/2021\/10\/WhatsApp-Image-2023-03-13-at-18.01.21.jpeg\" \/>\n\t<meta property=\"og:image:width\" content=\"1024\" \/>\n\t<meta property=\"og:image:height\" content=\"1024\" \/>\n\t<meta property=\"og:image:type\" content=\"image\/jpeg\" \/>\n<meta name=\"twitter:card\" content=\"summary_large_image\" \/>\n<meta name=\"twitter:label1\" content=\"Tiempo de lectura\" \/>\n\t<meta name=\"twitter:data1\" content=\"1 minuto\" \/>\n<script type=\"application\/ld+json\" class=\"yoast-schema-graph\">{\"@context\":\"https:\/\/schema.org\",\"@graph\":[{\"@type\":\"WebPage\",\"@id\":\"https:\/\/phimastersasenka.com\/es\/producto\/powderbrows-curso-en-vivo-mexico\/\",\"url\":\"https:\/\/phimastersasenka.com\/es\/producto\/powderbrows-curso-en-vivo-mexico\/\",\"name\":\"PowderBrows Curso en vivo MEXICO - Sasenka Martic\",\"isPartOf\":{\"@id\":\"https:\/\/phimastersasenka.com\/es\/#website\"},\"datePublished\":\"2023-03-16T14:01:13+00:00\",\"dateModified\":\"2023-03-16T14:37:26+00:00\",\"breadcrumb\":{\"@id\":\"https:\/\/phimastersasenka.com\/es\/producto\/powderbrows-curso-en-vivo-mexico\/#breadcrumb\"},\"inLanguage\":\"es\",\"potentialAction\":[{\"@type\":\"ReadAction\",\"target\":[\"https:\/\/phimastersasenka.com\/es\/producto\/powderbrows-curso-en-vivo-mexico\/\"]}]},{\"@type\":\"BreadcrumbList\",\"@id\":\"https:\/\/phimastersasenka.com\/es\/producto\/powderbrows-curso-en-vivo-mexico\/#breadcrumb\",\"itemListElement\":[{\"@type\":\"ListItem\",\"position\":1,\"name\":\"Home\",\"item\":\"https:\/\/phimastersasenka.com\/es\/\"},{\"@type\":\"ListItem\",\"position\":2,\"name\":\"Shop\",\"item\":\"https:\/\/phimastersasenka.com\/shop\/\"},{\"@type\":\"ListItem\",\"position\":3,\"name\":\"PowderBrows Curso en vivo MEXICO\"}]},{\"@type\":\"WebSite\",\"@id\":\"https:\/\/phimastersasenka.com\/es\/#website\",\"url\":\"https:\/\/phimastersasenka.com\/es\/\",\"name\":\"Phimaster Sasenka Martic\",\"description\":\"Master technician\",\"potentialAction\":[{\"@type\":\"SearchAction\",\"target\":{\"@type\":\"EntryPoint\",\"urlTemplate\":\"https:\/\/phimastersasenka.com\/es\/?s={search_term_string}\"},\"query-input\":\"required name=search_term_string\"}],\"inLanguage\":\"es\"}]}<\/script>\n<!-- \/ Yoast SEO plugin. -->","yoast_head_json":{"title":"PowderBrows Curso en vivo MEXICO - Sasenka Martic","robots":{"index":"index","follow":"follow","max-snippet":"max-snippet:-1","max-image-preview":"max-image-preview:large","max-video-preview":"max-video-preview:-1"},"canonical":"https:\/\/phimastersasenka.com\/es\/producto\/powderbrows-curso-en-vivo-mexico\/","og_locale":"es_ES","og_type":"article","og_title":"PowderBrows Curso en vivo MEXICO - Sasenka Martic","og_description":"\u2013 Deposit ($515) \u2013 Starter Kit ($2,400) + 3% Processing Fees + $50 Shipping in USA (shipping outside the US is charged extra)  Esta t\u00e9cnica ha existido durante d\u00e9cadas, pero ha mejorado gradualmente a lo largo de los a\u00f1os.  Las cejas en polvo consisten en la aplicaci\u00f3n de diminutos puntos de pigmento, que se insertan en la piel y van adquiriendo color y una forma m\u00e1s definida. No es necesario tener experiencia previa ni ser artista ni saber dibujar una ceja. Este curso est\u00e1 dise\u00f1ado para brindarle el conocimiento, las habilidades y la confianza para desarrollar una carrera gratificante en esta industria.","og_url":"https:\/\/phimastersasenka.com\/es\/producto\/powderbrows-curso-en-vivo-mexico\/","og_site_name":"Sasenka Martic","article_modified_time":"2023-03-16T14:37:26+00:00","og_image":[{"width":1024,"height":1024,"url":"https:\/\/phimastersasenka.com\/wp-content\/uploads\/2021\/10\/WhatsApp-Image-2023-03-13-at-18.01.21.jpeg","type":"image\/jpeg"}],"twitter_card":"summary_large_image","twitter_misc":{"Tiempo de lectura":"1 minuto"},"schema":{"@context":"https:\/\/schema.org","@graph":[{"@type":"WebPage","@id":"https:\/\/phimastersasenka.com\/es\/producto\/powderbrows-curso-en-vivo-mexico\/","url":"https:\/\/phimastersasenka.com\/es\/producto\/powderbrows-curso-en-vivo-mexico\/","name":"PowderBrows Curso en vivo MEXICO - Sasenka Martic","isPartOf":{"@id":"https:\/\/phimastersasenka.com\/es\/#website"},"datePublished":"2023-03-16T14:01:13+00:00","dateModified":"2023-03-16T14:37:26+00:00","breadcrumb":{"@id":"https:\/\/phimastersasenka.com\/es\/producto\/powderbrows-curso-en-vivo-mexico\/#breadcrumb"},"inLanguage":"es","potentialAction":[{"@type":"ReadAction","target":["https:\/\/phimastersasenka.com\/es\/producto\/powderbrows-curso-en-vivo-mexico\/"]}]},{"@type":"BreadcrumbList","@id":"https:\/\/phimastersasenka.com\/es\/producto\/powderbrows-curso-en-vivo-mexico\/#breadcrumb","itemListElement":[{"@type":"ListItem","position":1,"name":"Home","item":"https:\/\/phimastersasenka.com\/es\/"},{"@type":"ListItem","position":2,"name":"Shop","item":"https:\/\/phimastersasenka.com\/shop\/"},{"@type":"ListItem","position":3,"name":"PowderBrows Curso en vivo MEXICO"}]},{"@type":"WebSite","@id":"https:\/\/phimastersasenka.com\/es\/#website","url":"https:\/\/phimastersasenka.com\/es\/","name":"Phimaster Sasenka Martic","description":"Master technician","potentialAction":[{"@type":"SearchAction","target":{"@type":"EntryPoint","urlTemplate":"https:\/\/phimastersasenka.com\/es\/?s={search_term_string}"},"query-input":"required name=search_term_string"}],"inLanguage":"es"}]}},"_links":{"self":[{"href":"https:\/\/phimastersasenka.com\/es\/wp-json\/wp\/v2\/product\/3862","targetHints":{"allow":["GET"]}}],"collection":[{"href":"https:\/\/phimastersasenka.com\/es\/wp-json\/wp\/v2\/product"}],"about":[{"href":"https:\/\/phimastersasenka.com\/es\/wp-json\/wp\/v2\/types\/product"}],"wp:featuredmedia":[{"embeddable":true,"href":"https:\/\/phimastersasenka.com\/es\/wp-json\/wp\/v2\/media\/3861"}],"wp:attachment":[{"href":"https:\/\/phimastersasenka.com\/es\/wp-json\/wp\/v2\/media?parent=3862"}],"wp:term":[{"taxonomy":"product_cat","embeddable":true,"href":"https:\/\/phimastersasenka.com\/es\/wp-json\/wp\/v2\/product_cat?post=3862"},{"taxonomy":"product_tag","embeddable":true,"href":"https:\/\/phimastersasenka.com\/es\/wp-json\/wp\/v2\/product_tag?post=3862"}],"curies":[{"name":"wp","href":"https:\/\/api.w.org\/{rel}","templated":true}]}}