{"id":3833,"date":"2023-03-01T15:56:08","date_gmt":"2023-03-01T15:56:08","guid":{"rendered":"https:\/\/phimastersasenka.com\/product\/phibright-curso-en-vivo-usa\/"},"modified":"2023-03-02T09:45:33","modified_gmt":"2023-03-02T09:45:33","slug":"phibright-curso-en-vivo-usa","status":"publish","type":"product","link":"https:\/\/phimastersasenka.com\/es\/producto\/phibright-curso-en-vivo-usa\/","title":{"rendered":"PhiBright Curso en vivo USA"},"content":{"rendered":"<h2>KIT DE INICIO DE MICROAGUJAS<\/h2>\n<ul>\n<li>Cara PhiFoil (100 uds)<\/li>\n<li>PhiSepto 200 ml ( 1 unidad)<\/li>\n<li>PhiWipes Asept (20uds)<\/li>\n<li>Mascarilla After PhiLings (10 uds)<\/li>\n<li>Rotulador blanco (1 ud)<\/li>\n<li>C\u00f3cteles de uso dom\u00e9stico \u2013 botellas vac\u00edas (10 uds)<\/li>\n<li>Set Serum (1 ud)<\/li>\n<li>Rodillo de inyecci\u00f3n y jeringa (10 piezas)<\/li>\n<li>Agujas est\u00e9riles (15 uds)<\/li>\n<li>Bolsa de papel para cliente (10 uds)<\/li>\n<li>Microneedling Gel&#8217;s Selection Gel de punci\u00f3n corporal (5 uds)<\/li>\n<li>Microneedling Gel&#8217;s Selection Scars gel de punci\u00f3n corporal (5 uds)<\/li>\n<li>C\u00f3ctel Ultimate Skin (20 uds)<\/li>\n<li>Suero para el crecimiento del cabello con microagujas (5 piezas)<\/li>\n<\/ul>\n<p>&nbsp;<\/p>\n<h2>KIT EST\u00c1NDAR DE MICROAGUJAS<\/h2>\n<ul>\n<li>Cara PhiFoil (100 uds)<\/li>\n<li>PhiSepto 200 mL (1 ud)<\/li>\n<li>PhiWipes Asept (20uds)<\/li>\n<li>Mascarilla After PhiLings (10 uds)<\/li>\n<li>Rotulador blanco (1 ud)<\/li>\n<li>C\u00f3cteles de uso dom\u00e9stico \u2013 botellas vac\u00edas (10 uds)<\/li>\n<li>Set Serum (1 ud)<\/li>\n<li>Artista de la simplicidad (1 pieza)<\/li>\n<li>Revo Tri-M 2.0 (10 uds)<\/li>\n<li>Rodillo de inyecci\u00f3n y jeringa (10 piezas)<\/li>\n<li>Consumibles PhiBright: jeringas\/agujas (10\/15 uds.)<\/li>\n<li>Bolsa de papel para cliente (10 uds)<\/li>\n<li>Microneedling Gel&#8217;s Selection Gel de punci\u00f3n corporal (5 uds)<\/li>\n<li>Microneedling Gel&#8217;s Selection Scars gel de punci\u00f3n corporal (5 uds)<\/li>\n<li>C\u00f3ctel Ultimate Skin (20 uds)<\/li>\n<li>Suero para el crecimiento del cabello con microagujas (5 piezas)<\/li>\n<\/ul>\n<h2>KIT PREMIUM DE MICROAGUJAS<\/h2>\n<ul>\n<li>Cara PhiFoil (100 uds)<\/li>\n<li>PhiSepto 200 mL (1 ud)<\/li>\n<li>PhiWipes Asept (20uds)<\/li>\n<li>Mascarilla After PhiLings (10 uds)<\/li>\n<li>Rotulador blanco (1 ud)<\/li>\n<li>C\u00f3cteles de uso dom\u00e9stico \u2013 botellas vac\u00edas (10 uds)<\/li>\n<li>Set Serum (1 ud)<\/li>\n<li>Simplicity Master (1 pieza)<\/li>\n<li>Revo Tri-M 2.0 (10 uds)<\/li>\n<li>Rodillo de inyecci\u00f3n y jeringa (10 piezas)<\/li>\n<li>Consumibles PhiBright: jeringas\/agujas 10\/15<\/li>\n<li>Bolsa de papel para cliente (10 uds)<\/li>\n<li>Microneedling Gel&#8217;s Selection Gel de punci\u00f3n corporal (5 uds)<\/li>\n<li>Microneedling Gel&#8217;s Selection Scars gel de punci\u00f3n corporal (5 uds)<\/li>\n<li>C\u00f3ctel Ultimate Skin (20 uds)<\/li>\n<li>Suero para el crecimiento del cabello con microagujas (5 piezas)<\/li>\n<\/ul>\n<p><strong>Lecciones adicionales:<\/strong><\/p>\n<ul>\n<li>T\u00e9cnica Corporal<\/li>\n<li>T\u00e9cnica del cuero cabelludo<\/li>\n<\/ul>\n","protected":false},"excerpt":{"rendered":"<p>PhiBright Microneedling es una t\u00e9cnica de microagujas renovada que nos permite crear un c\u00f3ctel personalizado seg\u00fan el tipo y el estado de la piel del cliente.<br \/>\nExisten dos formas de aplicar los c\u00f3cteles<br \/>\n&#8211; Mec\u00e1nica: con la m\u00e1quina Simplicity<br \/>\n&#8211; Manual: con el rodillo de inyecci\u00f3n<br \/>\nEl tratamiento tiene como objetivo la estimulaci\u00f3n de la microcirculaci\u00f3n y de los procesos naturales de producci\u00f3n y regeneraci\u00f3n del col\u00e1geno. Indicaciones del tratamiento:<br \/>\n&#8211; Arrugas<br \/>\n&#8211; Cicatrices del acn\u00e9<br \/>\n&#8211; Cicatrices<br \/>\n&#8211; Poros abiertos<br \/>\n&#8211; Estr\u00edas<br \/>\n&#8211; Alopecia<br \/>\n&#8211; Piel deshidratada<br \/>\n&#8211; Hiperpigmentaci\u00f3n<\/p>\n","protected":false},"featured_media":3963,"template":"","meta":{"_expiration-date-status":"","_expiration-date":0,"_expiration-date-type":"","_expiration-date-categories":[],"_expiration-date-options":[]},"product_cat":[57],"product_tag":[],"class_list":["post-3833","product","type-product","status-publish","has-post-thumbnail","hentry","product_cat-live-courses-es"],"yoast_head":"<!-- This site is optimized with the Yoast SEO plugin v19.10 - https:\/\/yoast.com\/wordpress\/plugins\/seo\/ -->\n<title>PhiBright Curso en vivo USA - Sasenka Martic<\/title>\n<meta name=\"robots\" content=\"index, follow, max-snippet:-1, max-image-preview:large, max-video-preview:-1\" \/>\n<link rel=\"canonical\" href=\"https:\/\/phimastersasenka.com\/es\/producto\/phibright-curso-en-vivo-usa\/\" \/>\n<meta property=\"og:locale\" content=\"es_ES\" \/>\n<meta property=\"og:type\" content=\"article\" \/>\n<meta property=\"og:title\" content=\"PhiBright Curso en vivo USA - Sasenka Martic\" \/>\n<meta property=\"og:description\" content=\"PhiBright Microneedling es una t\u00e9cnica de microagujas renovada que nos permite crear un c\u00f3ctel personalizado seg\u00fan el tipo y el estado de la piel del cliente. Existen dos formas de aplicar los c\u00f3cteles - Mec\u00e1nica: con la m\u00e1quina Simplicity - Manual: con el rodillo de inyecci\u00f3n El tratamiento tiene como objetivo la estimulaci\u00f3n de la microcirculaci\u00f3n y de los procesos naturales de producci\u00f3n y regeneraci\u00f3n del col\u00e1geno. Indicaciones del tratamiento: - Arrugas - Cicatrices del acn\u00e9 - Cicatrices - Poros abiertos - Estr\u00edas - Alopecia - Piel deshidratada - Hiperpigmentaci\u00f3n\" \/>\n<meta property=\"og:url\" content=\"https:\/\/phimastersasenka.com\/es\/producto\/phibright-curso-en-vivo-usa\/\" \/>\n<meta property=\"og:site_name\" content=\"Sasenka Martic\" \/>\n<meta property=\"article:modified_time\" content=\"2023-03-02T09:45:33+00:00\" \/>\n<meta property=\"og:image\" content=\"https:\/\/phimastersasenka.com\/wp-content\/uploads\/2022\/06\/WhatsApp-Image-2023-05-04-at-15.07.40.jpeg\" \/>\n\t<meta property=\"og:image:width\" content=\"1800\" \/>\n\t<meta property=\"og:image:height\" content=\"1800\" \/>\n\t<meta property=\"og:image:type\" content=\"image\/jpeg\" \/>\n<meta name=\"twitter:card\" content=\"summary_large_image\" \/>\n<meta name=\"twitter:label1\" content=\"Tiempo de lectura\" \/>\n\t<meta name=\"twitter:data1\" content=\"2 minutos\" \/>\n<script type=\"application\/ld+json\" class=\"yoast-schema-graph\">{\"@context\":\"https:\/\/schema.org\",\"@graph\":[{\"@type\":\"WebPage\",\"@id\":\"https:\/\/phimastersasenka.com\/es\/producto\/phibright-curso-en-vivo-usa\/\",\"url\":\"https:\/\/phimastersasenka.com\/es\/producto\/phibright-curso-en-vivo-usa\/\",\"name\":\"PhiBright Curso en vivo USA - Sasenka Martic\",\"isPartOf\":{\"@id\":\"https:\/\/phimastersasenka.com\/es\/#website\"},\"datePublished\":\"2023-03-01T15:56:08+00:00\",\"dateModified\":\"2023-03-02T09:45:33+00:00\",\"breadcrumb\":{\"@id\":\"https:\/\/phimastersasenka.com\/es\/producto\/phibright-curso-en-vivo-usa\/#breadcrumb\"},\"inLanguage\":\"es\",\"potentialAction\":[{\"@type\":\"ReadAction\",\"target\":[\"https:\/\/phimastersasenka.com\/es\/producto\/phibright-curso-en-vivo-usa\/\"]}]},{\"@type\":\"BreadcrumbList\",\"@id\":\"https:\/\/phimastersasenka.com\/es\/producto\/phibright-curso-en-vivo-usa\/#breadcrumb\",\"itemListElement\":[{\"@type\":\"ListItem\",\"position\":1,\"name\":\"Home\",\"item\":\"https:\/\/phimastersasenka.com\/es\/\"},{\"@type\":\"ListItem\",\"position\":2,\"name\":\"Shop\",\"item\":\"https:\/\/phimastersasenka.com\/shop\/\"},{\"@type\":\"ListItem\",\"position\":3,\"name\":\"PhiBright Curso en vivo USA\"}]},{\"@type\":\"WebSite\",\"@id\":\"https:\/\/phimastersasenka.com\/es\/#website\",\"url\":\"https:\/\/phimastersasenka.com\/es\/\",\"name\":\"Phimaster Sasenka Martic\",\"description\":\"Master technician\",\"potentialAction\":[{\"@type\":\"SearchAction\",\"target\":{\"@type\":\"EntryPoint\",\"urlTemplate\":\"https:\/\/phimastersasenka.com\/es\/?s={search_term_string}\"},\"query-input\":\"required name=search_term_string\"}],\"inLanguage\":\"es\"}]}<\/script>\n<!-- \/ Yoast SEO plugin. -->","yoast_head_json":{"title":"PhiBright Curso en vivo USA - Sasenka Martic","robots":{"index":"index","follow":"follow","max-snippet":"max-snippet:-1","max-image-preview":"max-image-preview:large","max-video-preview":"max-video-preview:-1"},"canonical":"https:\/\/phimastersasenka.com\/es\/producto\/phibright-curso-en-vivo-usa\/","og_locale":"es_ES","og_type":"article","og_title":"PhiBright Curso en vivo USA - Sasenka Martic","og_description":"PhiBright Microneedling es una t\u00e9cnica de microagujas renovada que nos permite crear un c\u00f3ctel personalizado seg\u00fan el tipo y el estado de la piel del cliente. Existen dos formas de aplicar los c\u00f3cteles - Mec\u00e1nica: con la m\u00e1quina Simplicity - Manual: con el rodillo de inyecci\u00f3n El tratamiento tiene como objetivo la estimulaci\u00f3n de la microcirculaci\u00f3n y de los procesos naturales de producci\u00f3n y regeneraci\u00f3n del col\u00e1geno. Indicaciones del tratamiento: - Arrugas - Cicatrices del acn\u00e9 - Cicatrices - Poros abiertos - Estr\u00edas - Alopecia - Piel deshidratada - Hiperpigmentaci\u00f3n","og_url":"https:\/\/phimastersasenka.com\/es\/producto\/phibright-curso-en-vivo-usa\/","og_site_name":"Sasenka Martic","article_modified_time":"2023-03-02T09:45:33+00:00","og_image":[{"width":1800,"height":1800,"url":"https:\/\/phimastersasenka.com\/wp-content\/uploads\/2022\/06\/WhatsApp-Image-2023-05-04-at-15.07.40.jpeg","type":"image\/jpeg"}],"twitter_card":"summary_large_image","twitter_misc":{"Tiempo de lectura":"2 minutos"},"schema":{"@context":"https:\/\/schema.org","@graph":[{"@type":"WebPage","@id":"https:\/\/phimastersasenka.com\/es\/producto\/phibright-curso-en-vivo-usa\/","url":"https:\/\/phimastersasenka.com\/es\/producto\/phibright-curso-en-vivo-usa\/","name":"PhiBright Curso en vivo USA - Sasenka Martic","isPartOf":{"@id":"https:\/\/phimastersasenka.com\/es\/#website"},"datePublished":"2023-03-01T15:56:08+00:00","dateModified":"2023-03-02T09:45:33+00:00","breadcrumb":{"@id":"https:\/\/phimastersasenka.com\/es\/producto\/phibright-curso-en-vivo-usa\/#breadcrumb"},"inLanguage":"es","potentialAction":[{"@type":"ReadAction","target":["https:\/\/phimastersasenka.com\/es\/producto\/phibright-curso-en-vivo-usa\/"]}]},{"@type":"BreadcrumbList","@id":"https:\/\/phimastersasenka.com\/es\/producto\/phibright-curso-en-vivo-usa\/#breadcrumb","itemListElement":[{"@type":"ListItem","position":1,"name":"Home","item":"https:\/\/phimastersasenka.com\/es\/"},{"@type":"ListItem","position":2,"name":"Shop","item":"https:\/\/phimastersasenka.com\/shop\/"},{"@type":"ListItem","position":3,"name":"PhiBright Curso en vivo USA"}]},{"@type":"WebSite","@id":"https:\/\/phimastersasenka.com\/es\/#website","url":"https:\/\/phimastersasenka.com\/es\/","name":"Phimaster Sasenka Martic","description":"Master technician","potentialAction":[{"@type":"SearchAction","target":{"@type":"EntryPoint","urlTemplate":"https:\/\/phimastersasenka.com\/es\/?s={search_term_string}"},"query-input":"required name=search_term_string"}],"inLanguage":"es"}]}},"_links":{"self":[{"href":"https:\/\/phimastersasenka.com\/es\/wp-json\/wp\/v2\/product\/3833","targetHints":{"allow":["GET"]}}],"collection":[{"href":"https:\/\/phimastersasenka.com\/es\/wp-json\/wp\/v2\/product"}],"about":[{"href":"https:\/\/phimastersasenka.com\/es\/wp-json\/wp\/v2\/types\/product"}],"wp:featuredmedia":[{"embeddable":true,"href":"https:\/\/phimastersasenka.com\/es\/wp-json\/wp\/v2\/media\/3963"}],"wp:attachment":[{"href":"https:\/\/phimastersasenka.com\/es\/wp-json\/wp\/v2\/media?parent=3833"}],"wp:term":[{"taxonomy":"product_cat","embeddable":true,"href":"https:\/\/phimastersasenka.com\/es\/wp-json\/wp\/v2\/product_cat?post=3833"},{"taxonomy":"product_tag","embeddable":true,"href":"https:\/\/phimastersasenka.com\/es\/wp-json\/wp\/v2\/product_tag?post=3833"}],"curies":[{"name":"wp","href":"https:\/\/api.w.org\/{rel}","templated":true}]}}