{"id":3650,"date":"2022-06-24T19:48:21","date_gmt":"2022-06-24T19:48:21","guid":{"rendered":"https:\/\/phimastersasenka.com\/product\/22-07-23-phiremoval-course-boca-raton-fl-2022-july-23\/"},"modified":"2023-03-01T15:41:18","modified_gmt":"2023-03-01T15:41:18","slug":"phiremoval-live-course-usa","status":"publish","type":"product","link":"https:\/\/phimastersasenka.com\/es\/producto\/phiremoval-live-course-usa\/","title":{"rendered":"PhiRemoval Curso en vivo USA"},"content":{"rendered":"<h2><img decoding=\"async\" class=\"alignnone wp-image-3826 size-full\" src=\"https:\/\/phimastersasenka.com\/wp-content\/uploads\/2022\/06\/WhatsApp-Image-2023-02-28-at-9.59.28-PM.jpeg\" alt=\"\" width=\"1290\" height=\"1282\" srcset=\"https:\/\/phimastersasenka.com\/wp-content\/uploads\/2022\/06\/WhatsApp-Image-2023-02-28-at-9.59.28-PM-66x66.jpeg 66w, https:\/\/phimastersasenka.com\/wp-content\/uploads\/2022\/06\/WhatsApp-Image-2023-02-28-at-9.59.28-PM-100x100.jpeg 100w, https:\/\/phimastersasenka.com\/wp-content\/uploads\/2022\/06\/WhatsApp-Image-2023-02-28-at-9.59.28-PM-150x150.jpeg 150w, https:\/\/phimastersasenka.com\/wp-content\/uploads\/2022\/06\/WhatsApp-Image-2023-02-28-at-9.59.28-PM-200x199.jpeg 200w, https:\/\/phimastersasenka.com\/wp-content\/uploads\/2022\/06\/WhatsApp-Image-2023-02-28-at-9.59.28-PM-300x298.jpeg 300w, https:\/\/phimastersasenka.com\/wp-content\/uploads\/2022\/06\/WhatsApp-Image-2023-02-28-at-9.59.28-PM-400x398.jpeg 400w, https:\/\/phimastersasenka.com\/wp-content\/uploads\/2022\/06\/WhatsApp-Image-2023-02-28-at-9.59.28-PM-500x497.jpeg 500w, https:\/\/phimastersasenka.com\/wp-content\/uploads\/2022\/06\/WhatsApp-Image-2023-02-28-at-9.59.28-PM-600x596.jpeg 600w, https:\/\/phimastersasenka.com\/wp-content\/uploads\/2022\/06\/WhatsApp-Image-2023-02-28-at-9.59.28-PM-700x696.jpeg 700w, https:\/\/phimastersasenka.com\/wp-content\/uploads\/2022\/06\/WhatsApp-Image-2023-02-28-at-9.59.28-PM-768x763.jpeg 768w, https:\/\/phimastersasenka.com\/wp-content\/uploads\/2022\/06\/WhatsApp-Image-2023-02-28-at-9.59.28-PM-800x795.jpeg 800w, https:\/\/phimastersasenka.com\/wp-content\/uploads\/2022\/06\/WhatsApp-Image-2023-02-28-at-9.59.28-PM-1024x1018.jpeg 1024w, https:\/\/phimastersasenka.com\/wp-content\/uploads\/2022\/06\/WhatsApp-Image-2023-02-28-at-9.59.28-PM-1200x1193.jpeg 1200w, https:\/\/phimastersasenka.com\/wp-content\/uploads\/2022\/06\/WhatsApp-Image-2023-02-28-at-9.59.28-PM.jpeg 1290w\" sizes=\"(max-width: 1290px) 100vw, 1290px\" \/><\/h2>\n<h2><img decoding=\"async\" class=\"alignnone wp-image-3828 size-full\" src=\"https:\/\/phimastersasenka.com\/wp-content\/uploads\/2022\/06\/WhatsApp-Image-2023-02-28-at-9.59.43-PM.jpeg\" alt=\"\" width=\"1290\" height=\"1274\" srcset=\"https:\/\/phimastersasenka.com\/wp-content\/uploads\/2022\/06\/WhatsApp-Image-2023-02-28-at-9.59.43-PM-66x66.jpeg 66w, https:\/\/phimastersasenka.com\/wp-content\/uploads\/2022\/06\/WhatsApp-Image-2023-02-28-at-9.59.43-PM-100x100.jpeg 100w, https:\/\/phimastersasenka.com\/wp-content\/uploads\/2022\/06\/WhatsApp-Image-2023-02-28-at-9.59.43-PM-200x198.jpeg 200w, https:\/\/phimastersasenka.com\/wp-content\/uploads\/2022\/06\/WhatsApp-Image-2023-02-28-at-9.59.43-PM-300x296.jpeg 300w, https:\/\/phimastersasenka.com\/wp-content\/uploads\/2022\/06\/WhatsApp-Image-2023-02-28-at-9.59.43-PM-400x395.jpeg 400w, https:\/\/phimastersasenka.com\/wp-content\/uploads\/2022\/06\/WhatsApp-Image-2023-02-28-at-9.59.43-PM-500x494.jpeg 500w, https:\/\/phimastersasenka.com\/wp-content\/uploads\/2022\/06\/WhatsApp-Image-2023-02-28-at-9.59.43-PM-600x593.jpeg 600w, https:\/\/phimastersasenka.com\/wp-content\/uploads\/2022\/06\/WhatsApp-Image-2023-02-28-at-9.59.43-PM-700x691.jpeg 700w, https:\/\/phimastersasenka.com\/wp-content\/uploads\/2022\/06\/WhatsApp-Image-2023-02-28-at-9.59.43-PM-768x758.jpeg 768w, https:\/\/phimastersasenka.com\/wp-content\/uploads\/2022\/06\/WhatsApp-Image-2023-02-28-at-9.59.43-PM-800x790.jpeg 800w, https:\/\/phimastersasenka.com\/wp-content\/uploads\/2022\/06\/WhatsApp-Image-2023-02-28-at-9.59.43-PM-1024x1011.jpeg 1024w, https:\/\/phimastersasenka.com\/wp-content\/uploads\/2022\/06\/WhatsApp-Image-2023-02-28-at-9.59.43-PM-1200x1185.jpeg 1200w, https:\/\/phimastersasenka.com\/wp-content\/uploads\/2022\/06\/WhatsApp-Image-2023-02-28-at-9.59.43-PM.jpeg 1290w\" sizes=\"(max-width: 1290px) 100vw, 1290px\" \/><\/h2>\n<h2><img decoding=\"async\" class=\"alignnone wp-image-3830 size-full\" src=\"https:\/\/phimastersasenka.com\/wp-content\/uploads\/2022\/06\/WhatsApp-Image-2023-02-28-at-9.59.55-PM.jpeg\" alt=\"\" width=\"1290\" height=\"1305\" srcset=\"https:\/\/phimastersasenka.com\/wp-content\/uploads\/2022\/06\/WhatsApp-Image-2023-02-28-at-9.59.55-PM-66x66.jpeg 66w, https:\/\/phimastersasenka.com\/wp-content\/uploads\/2022\/06\/WhatsApp-Image-2023-02-28-at-9.59.55-PM-100x100.jpeg 100w, https:\/\/phimastersasenka.com\/wp-content\/uploads\/2022\/06\/WhatsApp-Image-2023-02-28-at-9.59.55-PM-200x202.jpeg 200w, https:\/\/phimastersasenka.com\/wp-content\/uploads\/2022\/06\/WhatsApp-Image-2023-02-28-at-9.59.55-PM-297x300.jpeg 297w, https:\/\/phimastersasenka.com\/wp-content\/uploads\/2022\/06\/WhatsApp-Image-2023-02-28-at-9.59.55-PM-400x405.jpeg 400w, https:\/\/phimastersasenka.com\/wp-content\/uploads\/2022\/06\/WhatsApp-Image-2023-02-28-at-9.59.55-PM-500x506.jpeg 500w, https:\/\/phimastersasenka.com\/wp-content\/uploads\/2022\/06\/WhatsApp-Image-2023-02-28-at-9.59.55-PM-600x607.jpeg 600w, https:\/\/phimastersasenka.com\/wp-content\/uploads\/2022\/06\/WhatsApp-Image-2023-02-28-at-9.59.55-PM-700x708.jpeg 700w, https:\/\/phimastersasenka.com\/wp-content\/uploads\/2022\/06\/WhatsApp-Image-2023-02-28-at-9.59.55-PM-768x777.jpeg 768w, https:\/\/phimastersasenka.com\/wp-content\/uploads\/2022\/06\/WhatsApp-Image-2023-02-28-at-9.59.55-PM-800x809.jpeg 800w, https:\/\/phimastersasenka.com\/wp-content\/uploads\/2022\/06\/WhatsApp-Image-2023-02-28-at-9.59.55-PM-1012x1024.jpeg 1012w, https:\/\/phimastersasenka.com\/wp-content\/uploads\/2022\/06\/WhatsApp-Image-2023-02-28-at-9.59.55-PM-1200x1214.jpeg 1200w, https:\/\/phimastersasenka.com\/wp-content\/uploads\/2022\/06\/WhatsApp-Image-2023-02-28-at-9.59.55-PM.jpeg 1290w\" sizes=\"(max-width: 1290px) 100vw, 1290px\" \/><\/h2>\n<h2>PROGRAMA DEL CURSO<\/h2>\n<ul>\n<li>Informaci\u00f3n b\u00e1sica sobre el tratamiento<br \/>\nPhiRemoval<\/li>\n<li>Diferencias entre los productos para la elimi<br \/>\nnaci\u00f3n de tatuajes<\/li>\n<li>Higiene<\/li>\n<li>Cuidado despu\u00e9s del tratamiento<\/li>\n<li>Conjunto de productos<\/li>\n<li>M\u00e1quina o agujas<\/li>\n<li>Indicaciones para PhiRemoval<\/li>\n<li>Ejercicio &#8211; trabajo en modelo en vivo (Los<br \/>\nmodelos ser\u00e1n provistos por la organizaci\u00f3n)<\/li>\n<\/ul>\n<p>Estamos ense\u00f1ando 5 t\u00e9cnicas:<\/p>\n<ul>\n<li>Extracci\u00f3n manual con \u00e1cido glic\u00f3lico<\/li>\n<li>Eliminaci\u00f3n con m\u00e1quina con \u00e1cido glic\u00f3lico<\/li>\n<li>Remoci\u00f3n manual con enzima<\/li>\n<li>Eliminaci\u00f3n con m\u00e1quina con enzima<\/li>\n<li>Remoci\u00f3n con micro cepillo<\/li>\n<\/ul>\n<h2>KIT INICIAL<\/h2>\n<ul>\n<li>1 PhiRemoval Enzyme Power<\/li>\n<li>1 PhiRemoval Light S<\/li>\n<li>1 Neutralizer<\/li>\n<li>1 Universal Holder<\/li>\n<li>1 PhiGlow Holder<\/li>\n<li>20 PhiBrows 9 flat blades<\/li>\n<li>20 PhiBrows 3 round blades<\/li>\n<li>20 PhiBrows 5 round blades<\/li>\n<li>20 PhiBrows 38 Pins shading Needles<\/li>\n<li>1 Philashes applicator 100\/1<\/li>\n<li>1 Skin Candy scar protection balm 10ml 9\/1<\/li>\n<li>1Skin Candy After CAre BAlm 10ml 9\/1<\/li>\n<li>1 5\/1 Phiwipes aftercare<\/li>\n<li>1 Ink Cup 50\/1<\/li>\n<\/ul>\n<p>&nbsp;<\/p>\n<p><strong>ADEM\u00c1 S CONTAR\u00c1 S CON ACCESO ILIMITADO A tres CURSOS ADICIONALES SIN COSTO:<\/strong><\/p>\n<ul>\n<li>SKIN EXPERT (Experto en Piel) Donde aprender\u00e1s a reconocer diferentes alteraciones<br \/>\nde la piel<\/li>\n<li>HYGIENE<\/li>\n<li>FIRST CLASS SERVICE (Curso de Atenci\u00f3n al Cliente)<\/li>\n<\/ul>\n","protected":false},"excerpt":{"rendered":"<p><strong>Payment options for Live PhiRemoval Course<\/strong><\/p>\n<p><strong>\u2013 Deposit ($500) + 3% Processing Fees<\/strong><br \/>\n<strong>\u2013 Starter Kit ($2350) + 3% Processing Fees<\/strong><br \/>\n<strong>\u2013 Starter Kit With Simplicity Artist Machine ($3000) + 3% Processing Fees<\/strong><br \/>\n<strong>\u2013 Starter Kit With Simplicity Master Machine ($3550) + 3% Processing Fees<\/strong><\/p>\n<p>Phiremoval es la t\u00e9cnica de eliminaci\u00f3n o borrado de tatuajes, micropigmentaci\u00f3n y microblading m\u00e1s efectiva y segura que existe actualmente en el mercado y que a diferencia de otros m\u00e9todos es menos agresiva y es capaz de eliminar pigmentos de cualquier color, de cualquier zona del cuerpo y de cualquier antig\u00fcedad.<\/p>\n<p>La duraci\u00f3n de esta clase es de un d\u00eda. Luego de esta Jornada, el curso tiene una duraci\u00f3n de 6 meses a trav\u00e9s de nuestra plataforma educativa\u201cCraft Master\u201d donde podr\u00e1 continuar con sus estudios a trav\u00e9s de lecturas y videos con todo el contenido de la clase presencial.<\/p>\n","protected":false},"featured_media":3965,"template":"","meta":{"_expiration-date-status":"","_expiration-date":0,"_expiration-date-type":"","_expiration-date-categories":[],"_expiration-date-options":[]},"product_cat":[57],"product_tag":[],"class_list":["post-3650","product","type-product","status-publish","has-post-thumbnail","hentry","product_cat-live-courses-es"],"yoast_head":"<!-- This site is optimized with the Yoast SEO plugin v19.10 - https:\/\/yoast.com\/wordpress\/plugins\/seo\/ -->\n<title>PhiRemoval Curso en vivo USA - Sasenka Martic<\/title>\n<meta name=\"robots\" content=\"index, follow, max-snippet:-1, max-image-preview:large, max-video-preview:-1\" \/>\n<link rel=\"canonical\" href=\"https:\/\/phimastersasenka.com\/es\/producto\/phiremoval-live-course-usa\/\" \/>\n<meta property=\"og:locale\" content=\"es_ES\" \/>\n<meta property=\"og:type\" content=\"article\" \/>\n<meta property=\"og:title\" content=\"PhiRemoval Curso en vivo USA - Sasenka Martic\" \/>\n<meta property=\"og:description\" content=\"Payment options for Live PhiRemoval Course  \u2013 Deposit ($500) + 3% Processing Fees \u2013 Starter Kit ($2350) + 3% Processing Fees \u2013 Starter Kit With Simplicity Artist Machine ($3000) + 3% Processing Fees \u2013 Starter Kit With Simplicity Master Machine ($3550) + 3% Processing Fees  Phiremoval es la t\u00e9cnica de eliminaci\u00f3n o borrado de tatuajes, micropigmentaci\u00f3n y microblading m\u00e1s efectiva y segura que existe actualmente en el mercado y que a diferencia de otros m\u00e9todos es menos agresiva y es capaz de eliminar pigmentos de cualquier color, de cualquier zona del cuerpo y de cualquier antig\u00fcedad.  La duraci\u00f3n de esta clase es de un d\u00eda. Luego de esta Jornada, el curso tiene una duraci\u00f3n de 6 meses a trav\u00e9s de nuestra plataforma educativa\u201cCraft Master\u201d donde podr\u00e1 continuar con sus estudios a trav\u00e9s de lecturas y videos con todo el contenido de la clase presencial.\" \/>\n<meta property=\"og:url\" content=\"https:\/\/phimastersasenka.com\/es\/producto\/phiremoval-live-course-usa\/\" \/>\n<meta property=\"og:site_name\" content=\"Sasenka Martic\" \/>\n<meta property=\"article:modified_time\" content=\"2023-03-01T15:41:18+00:00\" \/>\n<meta property=\"og:image\" content=\"https:\/\/phimastersasenka.com\/wp-content\/uploads\/2022\/06\/WhatsApp-Image-2023-05-04-at-15.07.47.jpeg\" \/>\n\t<meta property=\"og:image:width\" content=\"2048\" \/>\n\t<meta property=\"og:image:height\" content=\"2048\" \/>\n\t<meta property=\"og:image:type\" content=\"image\/jpeg\" \/>\n<meta name=\"twitter:card\" content=\"summary_large_image\" \/>\n<meta name=\"twitter:label1\" content=\"Tiempo de lectura\" \/>\n\t<meta name=\"twitter:data1\" content=\"2 minutos\" \/>\n<script type=\"application\/ld+json\" class=\"yoast-schema-graph\">{\"@context\":\"https:\/\/schema.org\",\"@graph\":[{\"@type\":\"WebPage\",\"@id\":\"https:\/\/phimastersasenka.com\/es\/producto\/phiremoval-live-course-usa\/\",\"url\":\"https:\/\/phimastersasenka.com\/es\/producto\/phiremoval-live-course-usa\/\",\"name\":\"PhiRemoval Curso en vivo USA - Sasenka Martic\",\"isPartOf\":{\"@id\":\"https:\/\/phimastersasenka.com\/es\/#website\"},\"datePublished\":\"2022-06-24T19:48:21+00:00\",\"dateModified\":\"2023-03-01T15:41:18+00:00\",\"breadcrumb\":{\"@id\":\"https:\/\/phimastersasenka.com\/es\/producto\/phiremoval-live-course-usa\/#breadcrumb\"},\"inLanguage\":\"es\",\"potentialAction\":[{\"@type\":\"ReadAction\",\"target\":[\"https:\/\/phimastersasenka.com\/es\/producto\/phiremoval-live-course-usa\/\"]}]},{\"@type\":\"BreadcrumbList\",\"@id\":\"https:\/\/phimastersasenka.com\/es\/producto\/phiremoval-live-course-usa\/#breadcrumb\",\"itemListElement\":[{\"@type\":\"ListItem\",\"position\":1,\"name\":\"Home\",\"item\":\"https:\/\/phimastersasenka.com\/es\/\"},{\"@type\":\"ListItem\",\"position\":2,\"name\":\"Shop\",\"item\":\"https:\/\/phimastersasenka.com\/shop\/\"},{\"@type\":\"ListItem\",\"position\":3,\"name\":\"PhiRemoval Curso en vivo USA\"}]},{\"@type\":\"WebSite\",\"@id\":\"https:\/\/phimastersasenka.com\/es\/#website\",\"url\":\"https:\/\/phimastersasenka.com\/es\/\",\"name\":\"Phimaster Sasenka Martic\",\"description\":\"Master technician\",\"potentialAction\":[{\"@type\":\"SearchAction\",\"target\":{\"@type\":\"EntryPoint\",\"urlTemplate\":\"https:\/\/phimastersasenka.com\/es\/?s={search_term_string}\"},\"query-input\":\"required name=search_term_string\"}],\"inLanguage\":\"es\"}]}<\/script>\n<!-- \/ Yoast SEO plugin. -->","yoast_head_json":{"title":"PhiRemoval Curso en vivo USA - Sasenka Martic","robots":{"index":"index","follow":"follow","max-snippet":"max-snippet:-1","max-image-preview":"max-image-preview:large","max-video-preview":"max-video-preview:-1"},"canonical":"https:\/\/phimastersasenka.com\/es\/producto\/phiremoval-live-course-usa\/","og_locale":"es_ES","og_type":"article","og_title":"PhiRemoval Curso en vivo USA - Sasenka Martic","og_description":"Payment options for Live PhiRemoval Course  \u2013 Deposit ($500) + 3% Processing Fees \u2013 Starter Kit ($2350) + 3% Processing Fees \u2013 Starter Kit With Simplicity Artist Machine ($3000) + 3% Processing Fees \u2013 Starter Kit With Simplicity Master Machine ($3550) + 3% Processing Fees  Phiremoval es la t\u00e9cnica de eliminaci\u00f3n o borrado de tatuajes, micropigmentaci\u00f3n y microblading m\u00e1s efectiva y segura que existe actualmente en el mercado y que a diferencia de otros m\u00e9todos es menos agresiva y es capaz de eliminar pigmentos de cualquier color, de cualquier zona del cuerpo y de cualquier antig\u00fcedad.  La duraci\u00f3n de esta clase es de un d\u00eda. Luego de esta Jornada, el curso tiene una duraci\u00f3n de 6 meses a trav\u00e9s de nuestra plataforma educativa\u201cCraft Master\u201d donde podr\u00e1 continuar con sus estudios a trav\u00e9s de lecturas y videos con todo el contenido de la clase presencial.","og_url":"https:\/\/phimastersasenka.com\/es\/producto\/phiremoval-live-course-usa\/","og_site_name":"Sasenka Martic","article_modified_time":"2023-03-01T15:41:18+00:00","og_image":[{"width":2048,"height":2048,"url":"https:\/\/phimastersasenka.com\/wp-content\/uploads\/2022\/06\/WhatsApp-Image-2023-05-04-at-15.07.47.jpeg","type":"image\/jpeg"}],"twitter_card":"summary_large_image","twitter_misc":{"Tiempo de lectura":"2 minutos"},"schema":{"@context":"https:\/\/schema.org","@graph":[{"@type":"WebPage","@id":"https:\/\/phimastersasenka.com\/es\/producto\/phiremoval-live-course-usa\/","url":"https:\/\/phimastersasenka.com\/es\/producto\/phiremoval-live-course-usa\/","name":"PhiRemoval Curso en vivo USA - Sasenka Martic","isPartOf":{"@id":"https:\/\/phimastersasenka.com\/es\/#website"},"datePublished":"2022-06-24T19:48:21+00:00","dateModified":"2023-03-01T15:41:18+00:00","breadcrumb":{"@id":"https:\/\/phimastersasenka.com\/es\/producto\/phiremoval-live-course-usa\/#breadcrumb"},"inLanguage":"es","potentialAction":[{"@type":"ReadAction","target":["https:\/\/phimastersasenka.com\/es\/producto\/phiremoval-live-course-usa\/"]}]},{"@type":"BreadcrumbList","@id":"https:\/\/phimastersasenka.com\/es\/producto\/phiremoval-live-course-usa\/#breadcrumb","itemListElement":[{"@type":"ListItem","position":1,"name":"Home","item":"https:\/\/phimastersasenka.com\/es\/"},{"@type":"ListItem","position":2,"name":"Shop","item":"https:\/\/phimastersasenka.com\/shop\/"},{"@type":"ListItem","position":3,"name":"PhiRemoval Curso en vivo USA"}]},{"@type":"WebSite","@id":"https:\/\/phimastersasenka.com\/es\/#website","url":"https:\/\/phimastersasenka.com\/es\/","name":"Phimaster Sasenka Martic","description":"Master technician","potentialAction":[{"@type":"SearchAction","target":{"@type":"EntryPoint","urlTemplate":"https:\/\/phimastersasenka.com\/es\/?s={search_term_string}"},"query-input":"required name=search_term_string"}],"inLanguage":"es"}]}},"_links":{"self":[{"href":"https:\/\/phimastersasenka.com\/es\/wp-json\/wp\/v2\/product\/3650","targetHints":{"allow":["GET"]}}],"collection":[{"href":"https:\/\/phimastersasenka.com\/es\/wp-json\/wp\/v2\/product"}],"about":[{"href":"https:\/\/phimastersasenka.com\/es\/wp-json\/wp\/v2\/types\/product"}],"wp:featuredmedia":[{"embeddable":true,"href":"https:\/\/phimastersasenka.com\/es\/wp-json\/wp\/v2\/media\/3965"}],"wp:attachment":[{"href":"https:\/\/phimastersasenka.com\/es\/wp-json\/wp\/v2\/media?parent=3650"}],"wp:term":[{"taxonomy":"product_cat","embeddable":true,"href":"https:\/\/phimastersasenka.com\/es\/wp-json\/wp\/v2\/product_cat?post=3650"},{"taxonomy":"product_tag","embeddable":true,"href":"https:\/\/phimastersasenka.com\/es\/wp-json\/wp\/v2\/product_tag?post=3650"}],"curies":[{"name":"wp","href":"https:\/\/api.w.org\/{rel}","templated":true}]}}