{"id":2518,"date":"2020-02-27T22:35:09","date_gmt":"2020-02-27T22:35:09","guid":{"rendered":"https:\/\/phimastersasenka.com\/servicios\/micropigmentacion-del-cuero-cabelludo-smpu\/"},"modified":"2020-03-03T00:58:49","modified_gmt":"2020-03-03T00:58:49","slug":"micropigmentacion-del-cuero-cabelludo-smpu","status":"publish","type":"page","link":"https:\/\/phimastersasenka.com\/es\/servicios\/micropigmentacion-del-cuero-cabelludo-smpu\/","title":{"rendered":"Micropigmentaci\u00f3n del cuero cabelludo (SMPU)"},"content":{"rendered":"<p><div class=\"fusion-fullwidth fullwidth-box fusion-builder-row-1 fusion-parallax-none nonhundred-percent-fullwidth non-hundred-percent-height-scrolling\" style=\"--awb-background-position:center top;--awb-border-radius-top-left:0px;--awb-border-radius-top-right:0px;--awb-border-radius-bottom-right:0px;--awb-border-radius-bottom-left:0px;--awb-padding-top:18%;--awb-padding-bottom:12%;--awb-background-image:linear-gradient(0deg, rgba(197,225,245,0.34) 0%,#c5e1f5 100%),url(https:\/\/phimastersasenka.com\/wp-content\/uploads\/2019\/12\/sasenka-martic-about-me.jpg);;--awb-background-size:cover;--awb-flex-wrap:wrap;\" ><div class=\"fusion-builder-row fusion-row\"><div class=\"fusion-layout-column fusion_builder_column fusion-builder-column-0 fusion_builder_column_1_1 1_1 fusion-one-full fusion-column-first fusion-column-last fusion-animated\" style=\"--awb-bg-position:center center;--awb-bg-size:cover;\" data-animationType=\"fadeInUp\" data-animationDuration=\"1.0\" data-animationOffset=\"top-into-view\"><div class=\"fusion-column-wrapper fusion-column-has-shadow fusion-flex-column-wrapper-legacy\"><div class=\"fusion-title title fusion-title-1 fusion-sep-none fusion-title-center fusion-title-text fusion-title-size-one\" style=\"--awb-margin-bottom:0px;--awb-margin-bottom-small:0px;\"><h1 class=\"fusion-title-heading title-heading-center fusion-responsive-typography-calculated\" style=\"margin:0;--fontSize:100;line-height:1.4;\">Micropigmentaci\u00f3n del cuero cabelludo (SMPU)<\/h1><\/div><div class=\"fusion-clearfix\"><\/div><\/div><\/div><\/div><\/div><div class=\"fusion-fullwidth fullwidth-box fusion-builder-row-2 nonhundred-percent-fullwidth non-hundred-percent-height-scrolling\" style=\"--awb-background-blend-mode:overlay;--awb-border-radius-top-left:0px;--awb-border-radius-top-right:0px;--awb-border-radius-bottom-right:0px;--awb-border-radius-bottom-left:0px;--awb-padding-top:6%;--awb-padding-bottom:0%;--awb-background-image:linear-gradient(0deg, #c5e1f5 0%,#ffffff 26%);--awb-flex-wrap:wrap;\" ><div class=\"fusion-builder-row fusion-row\"><div class=\"fusion-layout-column fusion_builder_column fusion-builder-column-1 fusion_builder_column_1_1 1_1 fusion-one-full fusion-column-first fusion-column-last\" style=\"--awb-padding-bottom:40px;--awb-bg-size:cover;\"><div class=\"fusion-column-wrapper fusion-column-has-shadow fusion-flex-column-wrapper-legacy\"><div class=\"fusion-text fusion-text-1\"><p style=\"text-align: center;\"><span style=\"color: #a794a4;\"><strong>Sobre la<\/strong><\/span><\/p>\n<\/div><div class=\"fusion-title title fusion-title-2 fusion-sep-none fusion-title-center fusion-title-text fusion-title-size-two\" style=\"--awb-margin-top:-30px;--awb-margin-top-small:0px;\"><h2 class=\"fusion-title-heading title-heading-center fusion-responsive-typography-calculated\" style=\"margin:0;--fontSize:70;line-height:1.5;\">Micropigmentaci\u00f3n del cuero cabelludo (SMPU)<\/h2><\/div><div class=\"fusion-builder-row fusion-builder-row-inner fusion-row\"><div class=\"fusion-layout-column fusion_builder_column_inner fusion-builder-nested-column-0 fusion_builder_column_inner_1_6 1_6 fusion-one-sixth fusion-column-first\" style=\"--awb-bg-size:cover;width:16.666666666667%;width:calc(16.666666666667% - ( ( 4% + 4% ) * 0.16666666666667 ) );margin-right: 4%;\"><div class=\"fusion-column-wrapper fusion-column-has-shadow fusion-flex-column-wrapper-legacy\"><div class=\"fusion-clearfix\"><\/div><\/div><\/div><div class=\"fusion-layout-column fusion_builder_column_inner fusion-builder-nested-column-1 fusion_builder_column_inner_2_3 2_3 fusion-two-third\" style=\"--awb-bg-size:cover;width:66.666666666667%;width:calc(66.666666666667% - ( ( 4% + 4% ) * 0.66666666666667 ) );margin-right: 4%;\"><div class=\"fusion-column-wrapper fusion-column-has-shadow fusion-flex-column-wrapper-legacy\"><div class=\"fusion-text fusion-text-2\"><p style=\"text-align: center;\">SMPU es una nueva t\u00e9cnica que combina el arte y la dedicaci\u00f3n de simular los fol\u00edculos capilares a trav\u00e9s de la micropigmentaci\u00f3n. Hay varias razones para la p\u00e9rdida de cabello: mala nutrici\u00f3n, estr\u00e9s, enfermedad y herencia. Hombres y mujeres son candidatos iguales para este procedimiento. M\u00e1s del 25% de la poblaci\u00f3n sufre este problema. La micropigmentaci\u00f3n del cuero cabelludo es una soluci\u00f3n est\u00e9tica que cada d\u00eda adquiere una mayor demanda.<\/p>\n<\/div><div class=\"fusion-clearfix\"><\/div><\/div><\/div><div class=\"fusion-layout-column fusion_builder_column_inner fusion-builder-nested-column-2 fusion_builder_column_inner_1_6 1_6 fusion-one-sixth fusion-column-last\" style=\"--awb-bg-size:cover;width:16.666666666667%;width:calc(16.666666666667% - ( ( 4% + 4% ) * 0.16666666666667 ) );\"><div class=\"fusion-column-wrapper fusion-column-has-shadow fusion-flex-column-wrapper-legacy\"><div class=\"fusion-clearfix\"><\/div><\/div><\/div><\/div><div class=\"fusion-aligncenter\"><a class=\"fusion-button button-flat fusion-button-default-size button-default fusion-button-default button-1 fusion-button-default-span fusion-button-default-type\" target=\"_blank\" rel=\"noopener noreferrer\" href=\"https:\/\/phimastersasenka.com\/es\/libro-de-ahora\/\"><span class=\"fusion-button-text awb-button__text awb-button__text--default\">Reservar ahora<\/span><\/a><\/div><div class=\"fusion-clearfix\"><\/div><\/div><\/div><\/div><\/div><div class=\"fusion-fullwidth fullwidth-box fusion-builder-row-3 fusion-parallax-none nonhundred-percent-fullwidth non-hundred-percent-height-scrolling\" style=\"--awb-background-position:center top;--awb-border-radius-top-left:0px;--awb-border-radius-top-right:0px;--awb-border-radius-bottom-right:0px;--awb-border-radius-bottom-left:0px;--awb-padding-top:8%;--awb-padding-bottom:8%;--awb-background-color:#c5e1f5;--awb-background-image:linear-gradient(180deg, #c5e1f5 0%,rgba(255,255,255,0) 100%),url(https:\/\/phimastersasenka.com\/wp-content\/uploads\/2019\/11\/sasenka-martic-background.jpg);;--awb-background-size:cover;--awb-flex-wrap:wrap;\" ><div class=\"fusion-builder-row fusion-row\"><div class=\"fusion-layout-column fusion_builder_column fusion-builder-column-2 fusion_builder_column_1_2 1_2 fusion-one-half fusion-column-first fusion-animated\" style=\"--awb-padding-right:18px;--awb-padding-left:18px;--awb-overflow:hidden;--awb-bg-color:#ffffff;--awb-bg-color-hover:#ffffff;--awb-bg-size:cover;--awb-border-radius:12px 12px 12px 12px;width:50%;width:calc(50% - ( ( 4% ) * 0.5 ) );margin-right: 4%;\" data-animationType=\"fadeInRight\" data-animationDuration=\"1.0\" data-animationOffset=\"top-into-view\"><div class=\"fusion-column-wrapper fusion-column-has-shadow fusion-flex-column-wrapper-legacy\"><div class=\"fusion-sep-clear\"><\/div><div class=\"fusion-separator fusion-full-width-sep\" style=\"margin-left: auto;margin-right: auto;margin-top:25px;width:100%;\"><div class=\"fusion-separator-border sep-double\" style=\"--awb-height:20px;--awb-amount:20px;border-color:var(--awb-color3);border-top-width:1px;border-bottom-width:1px;\"><\/div><\/div><div class=\"fusion-sep-clear\"><\/div><div class=\"fusion-image-element in-legacy-container\" style=\"--awb-caption-title-font-family:var(--h2_typography-font-family);--awb-caption-title-font-weight:var(--h2_typography-font-weight);--awb-caption-title-font-style:var(--h2_typography-font-style);--awb-caption-title-size:var(--h2_typography-font-size);--awb-caption-title-transform:var(--h2_typography-text-transform);--awb-caption-title-line-height:var(--h2_typography-line-height);--awb-caption-title-letter-spacing:var(--h2_typography-letter-spacing);\"><span class=\" fusion-imageframe imageframe-none imageframe-1 hover-type-none\"><img decoding=\"async\" width=\"599\" height=\"337\" title=\"Scalp\" src=\"https:\/\/phimastersasenka.com\/wp-content\/uploads\/2020\/01\/Scalp.jpg\" alt class=\"img-responsive wp-image-1659\" srcset=\"https:\/\/phimastersasenka.com\/wp-content\/uploads\/2020\/01\/Scalp-200x113.jpg 200w, https:\/\/phimastersasenka.com\/wp-content\/uploads\/2020\/01\/Scalp-400x225.jpg 400w, https:\/\/phimastersasenka.com\/wp-content\/uploads\/2020\/01\/Scalp.jpg 599w\" sizes=\"(max-width: 800px) 100vw, 599px\" \/><\/span><\/div><div class=\"fusion-sep-clear\"><\/div><div class=\"fusion-separator fusion-full-width-sep\" style=\"margin-left: auto;margin-right: auto;margin-top:25px;width:100%;\"><div class=\"fusion-separator-border sep-double\" style=\"--awb-height:20px;--awb-amount:20px;border-color:var(--awb-color3);border-top-width:1px;border-bottom-width:1px;\"><\/div><\/div><div class=\"fusion-sep-clear\"><\/div><div class=\"fusion-clearfix\"><\/div><\/div><\/div><div class=\"fusion-layout-column fusion_builder_column fusion-builder-column-3 fusion_builder_column_1_2 1_2 fusion-one-half fusion-column-last fusion-animated\" style=\"--awb-padding-bottom:40px;--awb-bg-size:cover;width:50%;width:calc(50% - ( ( 4% ) * 0.5 ) );\" data-animationType=\"fadeInLeft\" data-animationDuration=\"1.0\" data-animationOffset=\"top-into-view\"><div class=\"fusion-column-wrapper fusion-column-has-shadow fusion-flex-column-wrapper-legacy\"><div class=\"fusion-sep-clear\"><\/div><div class=\"fusion-separator fusion-full-width-sep\" style=\"margin-left: auto;margin-right: auto;margin-top:25px;width:100%;\"><div class=\"fusion-separator-border sep-double\" style=\"--awb-height:20px;--awb-amount:20px;border-color:var(--awb-color3);border-top-width:1px;border-bottom-width:1px;\"><\/div><\/div><div class=\"fusion-sep-clear\"><\/div><div class=\"fusion-text fusion-text-3\"><p style=\"text-align: left;\"><span style=\"color: #a794a4;\"><strong>La micropigmentaci\u00f3n del cuero cabelludo es buena para:<\/strong><\/span><\/p>\n<\/div><div class=\"fusion-sep-clear\"><\/div><div class=\"fusion-separator fusion-full-width-sep\" style=\"margin-left: auto;margin-right: auto;margin-top:25px;width:100%;\"><div class=\"fusion-separator-border sep-double\" style=\"--awb-height:20px;--awb-amount:20px;border-color:var(--awb-color3);border-top-width:1px;border-bottom-width:1px;\"><\/div><\/div><div class=\"fusion-sep-clear\"><\/div><div class=\"fusion-text fusion-text-4\"><ul>\n<li><span style=\"color: #a794a4;\">Calvicie<\/span><\/li>\n<li><span style=\"color: #a794a4;\">Pacientes con alopecia<\/span><\/li>\n<li><span style=\"color: #a794a4;\">Cubriendo cicatrices<\/span><\/li>\n<li><span style=\"color: #a794a4;\">Hombres o mujeres con p\u00e9rdida de cabello<\/span><\/li>\n<\/ul>\n<\/div><div class=\"fusion-clearfix\"><\/div><\/div><\/div><\/div><\/div><div class=\"fusion-fullwidth fullwidth-box fusion-builder-row-4 fusion-parallax-none nonhundred-percent-fullwidth non-hundred-percent-height-scrolling\" style=\"--awb-background-position:center bottom;--awb-border-radius-top-left:0px;--awb-border-radius-top-right:0px;--awb-border-radius-bottom-right:0px;--awb-border-radius-bottom-left:0px;--awb-padding-bottom:4%;--awb-background-image:linear-gradient(180deg, #ffffff 0%,#c5e1f5 100%),url(https:\/\/phimastersasenka.com\/wp-content\/uploads\/2019\/11\/sasenka-martic-background.jpg);;--awb-background-size:cover;--awb-flex-wrap:wrap;\" ><div class=\"fusion-builder-row fusion-row\"><div class=\"fusion-layout-column fusion_builder_column fusion-builder-column-4 fusion_builder_column_1_6 1_6 fusion-one-sixth fusion-column-first\" style=\"--awb-bg-size:cover;width:16.666666666667%;width:calc(16.666666666667% - ( ( 4% + 4% ) * 0.16666666666667 ) );margin-right: 4%;\"><div class=\"fusion-column-wrapper fusion-column-has-shadow fusion-flex-column-wrapper-legacy\"><div class=\"fusion-clearfix\"><\/div><\/div><\/div><div class=\"fusion-layout-column fusion_builder_column fusion-builder-column-5 fusion_builder_column_2_3 2_3 fusion-two-third fusion-animated\" style=\"--awb-padding-top:60px;--awb-padding-right:30px;--awb-padding-bottom:60px;--awb-padding-left:30px;--awb-overflow:hidden;--awb-bg-color:#ffffff;--awb-bg-color-hover:#ffffff;--awb-bg-image:linear-gradient(0deg, rgba(197,225,245,0.76) 0%,rgba(231,204,182,0) 100%);--awb-bg-size:cover;--awb-box-shadow:0px 10px 30px 0px rgba(41,67,84,0.8);;--awb-border-radius:12px 12px 12px 12px;--awb-margin-top:-30px;--awb-margin-bottom:60px;width:66.666666666667%;width:calc(66.666666666667% - ( ( 4% + 4% ) * 0.66666666666667 ) );margin-right: 4%;\" data-animationType=\"fadeInUp\" data-animationDuration=\"1.0\" data-animationOffset=\"top-into-view\"><div class=\"fusion-column-wrapper fusion-column-has-shadow fusion-flex-column-wrapper-legacy\"><div class=\"fusion-text fusion-text-5\"><p style=\"text-align: center;\"><span style=\"color: #a794a4;\"><strong>RESERVAR<\/strong><\/span><\/p>\n<\/div><div class=\"fusion-title title fusion-title-3 fusion-sep-none fusion-title-center fusion-title-text fusion-title-size-two\" style=\"--awb-text-color:#294354;--awb-margin-top:-30px;--awb-margin-bottom:10px;--awb-margin-top-small:0px;--awb-font-size:60px;\"><h2 class=\"fusion-title-heading title-heading-center fusion-responsive-typography-calculated\" style=\"margin:0;font-size:1em;--fontSize:60;line-height:1.5;\">Entrenamientos y seminarios<\/h2><\/div><div class=\"fusion-aligncenter\"><a class=\"fusion-button button-flat fusion-button-default-size button-custom fusion-button-default button-2 fusion-button-default-span fusion-button-default-type\" style=\"--button_accent_color:#c5e1f5;--button_border_color:#c5e1f5;--button_accent_hover_color:#294354;--button_border_hover_color:#294354;--button_border_width-top:2px;--button_border_width-right:2px;--button_border_width-bottom:2px;--button_border_width-left:2px;--button_gradient_top_color:#294354;--button_gradient_bottom_color:#294354;--button_gradient_top_color_hover:#c5e1f5;--button_gradient_bottom_color_hover:#c5e1f5;--button_text_transform:uppercase;\" target=\"_self\" href=\"https:\/\/phimastersasenka.com\/es\/libro-de-ahora\/\"><span class=\"fusion-button-text awb-button__text awb-button__text--default\">VER Entrenamiento<\/span><\/a><\/div><div class=\"fusion-clearfix\"><\/div><\/div><\/div><div class=\"fusion-layout-column fusion_builder_column fusion-builder-column-6 fusion_builder_column_1_6 1_6 fusion-one-sixth fusion-column-last\" style=\"--awb-bg-size:cover;width:16.666666666667%;width:calc(16.666666666667% - ( ( 4% + 4% ) * 0.16666666666667 ) );\"><div class=\"fusion-column-wrapper fusion-column-has-shadow fusion-flex-column-wrapper-legacy\"><div class=\"fusion-clearfix\"><\/div><\/div><\/div><\/div><\/div><\/p>\n","protected":false},"excerpt":{"rendered":"","protected":false},"author":249,"featured_media":0,"parent":2499,"menu_order":0,"comment_status":"closed","ping_status":"closed","template":"100-width.php","meta":{"footnotes":"","_expiration-date-status":"","_expiration-date":0,"_expiration-date-type":"","_expiration-date-categories":[],"_expiration-date-options":[]},"class_list":["post-2518","page","type-page","status-publish","hentry"],"yoast_head":"<!-- This site is optimized with the Yoast SEO plugin v19.10 - https:\/\/yoast.com\/wordpress\/plugins\/seo\/ -->\n<title>Micropigmentaci\u00f3n del cuero cabelludo (SMPU) - Sasenka Martic<\/title>\n<meta name=\"robots\" content=\"index, follow, max-snippet:-1, max-image-preview:large, max-video-preview:-1\" \/>\n<link rel=\"canonical\" href=\"https:\/\/phimastersasenka.com\/es\/servicios\/micropigmentacion-del-cuero-cabelludo-smpu\/\" \/>\n<meta property=\"og:locale\" content=\"es_ES\" \/>\n<meta property=\"og:type\" content=\"article\" \/>\n<meta property=\"og:title\" content=\"Micropigmentaci\u00f3n del cuero cabelludo (SMPU) - Sasenka Martic\" \/>\n<meta property=\"og:url\" content=\"https:\/\/phimastersasenka.com\/es\/servicios\/micropigmentacion-del-cuero-cabelludo-smpu\/\" \/>\n<meta property=\"og:site_name\" content=\"Sasenka Martic\" \/>\n<meta property=\"article:modified_time\" content=\"2020-03-03T00:58:49+00:00\" \/>\n<meta name=\"twitter:card\" content=\"summary_large_image\" \/>\n<meta name=\"twitter:label1\" content=\"Tiempo de lectura\" \/>\n\t<meta name=\"twitter:data1\" content=\"16 minutos\" \/>\n<script type=\"application\/ld+json\" class=\"yoast-schema-graph\">{\"@context\":\"https:\/\/schema.org\",\"@graph\":[{\"@type\":\"WebPage\",\"@id\":\"https:\/\/phimastersasenka.com\/es\/servicios\/micropigmentacion-del-cuero-cabelludo-smpu\/\",\"url\":\"https:\/\/phimastersasenka.com\/es\/servicios\/micropigmentacion-del-cuero-cabelludo-smpu\/\",\"name\":\"Micropigmentaci\u00f3n del cuero cabelludo (SMPU) - Sasenka Martic\",\"isPartOf\":{\"@id\":\"https:\/\/phimastersasenka.com\/es\/#website\"},\"datePublished\":\"2020-02-27T22:35:09+00:00\",\"dateModified\":\"2020-03-03T00:58:49+00:00\",\"breadcrumb\":{\"@id\":\"https:\/\/phimastersasenka.com\/es\/servicios\/micropigmentacion-del-cuero-cabelludo-smpu\/#breadcrumb\"},\"inLanguage\":\"es\",\"potentialAction\":[{\"@type\":\"ReadAction\",\"target\":[\"https:\/\/phimastersasenka.com\/es\/servicios\/micropigmentacion-del-cuero-cabelludo-smpu\/\"]}]},{\"@type\":\"BreadcrumbList\",\"@id\":\"https:\/\/phimastersasenka.com\/es\/servicios\/micropigmentacion-del-cuero-cabelludo-smpu\/#breadcrumb\",\"itemListElement\":[{\"@type\":\"ListItem\",\"position\":1,\"name\":\"Home\",\"item\":\"https:\/\/phimastersasenka.com\/es\/\"},{\"@type\":\"ListItem\",\"position\":2,\"name\":\"Servicios\",\"item\":\"https:\/\/phimastersasenka.com\/es\/servicios\/\"},{\"@type\":\"ListItem\",\"position\":3,\"name\":\"Micropigmentaci\u00f3n del cuero cabelludo (SMPU)\"}]},{\"@type\":\"WebSite\",\"@id\":\"https:\/\/phimastersasenka.com\/es\/#website\",\"url\":\"https:\/\/phimastersasenka.com\/es\/\",\"name\":\"Phimaster Sasenka Martic\",\"description\":\"Master technician\",\"potentialAction\":[{\"@type\":\"SearchAction\",\"target\":{\"@type\":\"EntryPoint\",\"urlTemplate\":\"https:\/\/phimastersasenka.com\/es\/?s={search_term_string}\"},\"query-input\":\"required name=search_term_string\"}],\"inLanguage\":\"es\"}]}<\/script>\n<!-- \/ Yoast SEO plugin. -->","yoast_head_json":{"title":"Micropigmentaci\u00f3n del cuero cabelludo (SMPU) - Sasenka Martic","robots":{"index":"index","follow":"follow","max-snippet":"max-snippet:-1","max-image-preview":"max-image-preview:large","max-video-preview":"max-video-preview:-1"},"canonical":"https:\/\/phimastersasenka.com\/es\/servicios\/micropigmentacion-del-cuero-cabelludo-smpu\/","og_locale":"es_ES","og_type":"article","og_title":"Micropigmentaci\u00f3n del cuero cabelludo (SMPU) - Sasenka Martic","og_url":"https:\/\/phimastersasenka.com\/es\/servicios\/micropigmentacion-del-cuero-cabelludo-smpu\/","og_site_name":"Sasenka Martic","article_modified_time":"2020-03-03T00:58:49+00:00","twitter_card":"summary_large_image","twitter_misc":{"Tiempo de lectura":"16 minutos"},"schema":{"@context":"https:\/\/schema.org","@graph":[{"@type":"WebPage","@id":"https:\/\/phimastersasenka.com\/es\/servicios\/micropigmentacion-del-cuero-cabelludo-smpu\/","url":"https:\/\/phimastersasenka.com\/es\/servicios\/micropigmentacion-del-cuero-cabelludo-smpu\/","name":"Micropigmentaci\u00f3n del cuero cabelludo (SMPU) - Sasenka Martic","isPartOf":{"@id":"https:\/\/phimastersasenka.com\/es\/#website"},"datePublished":"2020-02-27T22:35:09+00:00","dateModified":"2020-03-03T00:58:49+00:00","breadcrumb":{"@id":"https:\/\/phimastersasenka.com\/es\/servicios\/micropigmentacion-del-cuero-cabelludo-smpu\/#breadcrumb"},"inLanguage":"es","potentialAction":[{"@type":"ReadAction","target":["https:\/\/phimastersasenka.com\/es\/servicios\/micropigmentacion-del-cuero-cabelludo-smpu\/"]}]},{"@type":"BreadcrumbList","@id":"https:\/\/phimastersasenka.com\/es\/servicios\/micropigmentacion-del-cuero-cabelludo-smpu\/#breadcrumb","itemListElement":[{"@type":"ListItem","position":1,"name":"Home","item":"https:\/\/phimastersasenka.com\/es\/"},{"@type":"ListItem","position":2,"name":"Servicios","item":"https:\/\/phimastersasenka.com\/es\/servicios\/"},{"@type":"ListItem","position":3,"name":"Micropigmentaci\u00f3n del cuero cabelludo (SMPU)"}]},{"@type":"WebSite","@id":"https:\/\/phimastersasenka.com\/es\/#website","url":"https:\/\/phimastersasenka.com\/es\/","name":"Phimaster Sasenka Martic","description":"Master technician","potentialAction":[{"@type":"SearchAction","target":{"@type":"EntryPoint","urlTemplate":"https:\/\/phimastersasenka.com\/es\/?s={search_term_string}"},"query-input":"required name=search_term_string"}],"inLanguage":"es"}]}},"_links":{"self":[{"href":"https:\/\/phimastersasenka.com\/es\/wp-json\/wp\/v2\/pages\/2518","targetHints":{"allow":["GET"]}}],"collection":[{"href":"https:\/\/phimastersasenka.com\/es\/wp-json\/wp\/v2\/pages"}],"about":[{"href":"https:\/\/phimastersasenka.com\/es\/wp-json\/wp\/v2\/types\/page"}],"author":[{"embeddable":true,"href":"https:\/\/phimastersasenka.com\/es\/wp-json\/wp\/v2\/users\/249"}],"replies":[{"embeddable":true,"href":"https:\/\/phimastersasenka.com\/es\/wp-json\/wp\/v2\/comments?post=2518"}],"version-history":[{"count":3,"href":"https:\/\/phimastersasenka.com\/es\/wp-json\/wp\/v2\/pages\/2518\/revisions"}],"predecessor-version":[{"id":2596,"href":"https:\/\/phimastersasenka.com\/es\/wp-json\/wp\/v2\/pages\/2518\/revisions\/2596"}],"up":[{"embeddable":true,"href":"https:\/\/phimastersasenka.com\/es\/wp-json\/wp\/v2\/pages\/2499"}],"wp:attachment":[{"href":"https:\/\/phimastersasenka.com\/es\/wp-json\/wp\/v2\/media?parent=2518"}],"curies":[{"name":"wp","href":"https:\/\/api.w.org\/{rel}","templated":true}]}}