{"id":2513,"date":"2020-02-27T22:22:57","date_gmt":"2020-02-27T22:22:57","guid":{"rendered":"https:\/\/phimastersasenka.com\/servicios\/delineador-de-ojos-pmu\/"},"modified":"2020-03-03T00:58:14","modified_gmt":"2020-03-03T00:58:14","slug":"delineador-de-ojos-pmu","status":"publish","type":"page","link":"https:\/\/phimastersasenka.com\/es\/servicios\/delineador-de-ojos-pmu\/","title":{"rendered":"Delineador de ojos PMU"},"content":{"rendered":"<p><div class=\"fusion-fullwidth fullwidth-box fusion-builder-row-1 fusion-parallax-none nonhundred-percent-fullwidth non-hundred-percent-height-scrolling\" style=\"--awb-background-position:center top;--awb-border-radius-top-left:0px;--awb-border-radius-top-right:0px;--awb-border-radius-bottom-right:0px;--awb-border-radius-bottom-left:0px;--awb-padding-top:18%;--awb-padding-bottom:12%;--awb-background-image:linear-gradient(0deg, rgba(197,225,245,0.34) 0%,#c5e1f5 100%),url(https:\/\/phimastersasenka.com\/wp-content\/uploads\/2019\/12\/sasenka-martic-about-me.jpg);;--awb-background-size:cover;--awb-flex-wrap:wrap;\" ><div class=\"fusion-builder-row fusion-row\"><div class=\"fusion-layout-column fusion_builder_column fusion-builder-column-0 fusion_builder_column_1_1 1_1 fusion-one-full fusion-column-first fusion-column-last fusion-animated\" style=\"--awb-bg-position:center center;--awb-bg-size:cover;\" data-animationType=\"fadeInUp\" data-animationDuration=\"1.0\" data-animationOffset=\"top-into-view\"><div class=\"fusion-column-wrapper fusion-column-has-shadow fusion-flex-column-wrapper-legacy\"><div class=\"fusion-title title fusion-title-1 fusion-sep-none fusion-title-center fusion-title-text fusion-title-size-one\" style=\"--awb-margin-bottom:0px;--awb-margin-bottom-small:0px;\"><h1 class=\"fusion-title-heading title-heading-center fusion-responsive-typography-calculated\" style=\"margin:0;--fontSize:100;line-height:1.4;\">Delineador de ojos PMU<\/h1><\/div><div class=\"fusion-clearfix\"><\/div><\/div><\/div><\/div><\/div><div class=\"fusion-fullwidth fullwidth-box fusion-builder-row-2 nonhundred-percent-fullwidth non-hundred-percent-height-scrolling\" style=\"--awb-background-blend-mode:overlay;--awb-border-radius-top-left:0px;--awb-border-radius-top-right:0px;--awb-border-radius-bottom-right:0px;--awb-border-radius-bottom-left:0px;--awb-padding-top:6%;--awb-padding-bottom:0%;--awb-background-image:linear-gradient(0deg, #c5e1f5 0%,#ffffff 26%);--awb-flex-wrap:wrap;\" ><div class=\"fusion-builder-row fusion-row\"><div class=\"fusion-layout-column fusion_builder_column fusion-builder-column-1 fusion_builder_column_1_1 1_1 fusion-one-full fusion-column-first fusion-column-last\" style=\"--awb-bg-size:cover;\"><div class=\"fusion-column-wrapper fusion-column-has-shadow fusion-flex-column-wrapper-legacy\"><div class=\"fusion-text fusion-text-1\"><p style=\"text-align: center;\"><span style=\"color: #a794a4;\"><strong>Sobre la<\/strong><\/span><\/p>\n<\/div><div class=\"fusion-title title fusion-title-2 fusion-sep-none fusion-title-center fusion-title-text fusion-title-size-two\" style=\"--awb-margin-top:-30px;--awb-margin-top-small:0px;\"><h2 class=\"fusion-title-heading title-heading-center fusion-responsive-typography-calculated\" style=\"margin:0;--fontSize:70;line-height:1.5;\">Delineador de ojos PMU<\/h2><\/div><div class=\"fusion-builder-row fusion-builder-row-inner fusion-row\"><div class=\"fusion-layout-column fusion_builder_column_inner fusion-builder-nested-column-0 fusion_builder_column_inner_1_6 1_6 fusion-one-sixth fusion-column-first\" style=\"--awb-bg-size:cover;width:16.666666666667%;width:calc(16.666666666667% - ( ( 4% + 4% ) * 0.16666666666667 ) );margin-right: 4%;\"><div class=\"fusion-column-wrapper fusion-column-has-shadow fusion-flex-column-wrapper-legacy\"><div class=\"fusion-clearfix\"><\/div><\/div><\/div><div class=\"fusion-layout-column fusion_builder_column_inner fusion-builder-nested-column-1 fusion_builder_column_inner_2_3 2_3 fusion-two-third\" style=\"--awb-bg-size:cover;width:66.666666666667%;width:calc(66.666666666667% - ( ( 4% + 4% ) * 0.66666666666667 ) );margin-right: 4%;\"><div class=\"fusion-column-wrapper fusion-column-has-shadow fusion-flex-column-wrapper-legacy\"><div class=\"fusion-text fusion-text-2\"><p style=\"text-align: center;\">El delineador se dibuja dentro o por encima de la l\u00ednea de las pesta\u00f1as para dar la apariencia de pesta\u00f1as m\u00e1s llenas. Hay dos tipos de delineador: delineador tradicional y mejora de la l\u00ednea de las pesta\u00f1as. El delineador tradicional se coloca justo encima de la l\u00ednea de las pesta\u00f1as, dejando el efecto de una l\u00ednea de delineador distinta. La mejora de las pesta\u00f1as se trabaja dentro de la l\u00ednea de las pesta\u00f1as para un aspecto m\u00e1s sutil y natural. Si no est\u00e1s usando maquillaje, una mejora de pesta\u00f1as solo te har\u00e1 lucir como si tuvieras pesta\u00f1as m\u00e1s gruesas.<\/p>\n<\/div><div class=\"fusion-clearfix\"><\/div><\/div><\/div><div class=\"fusion-layout-column fusion_builder_column_inner fusion-builder-nested-column-2 fusion_builder_column_inner_1_6 1_6 fusion-one-sixth fusion-column-last\" style=\"--awb-bg-size:cover;width:16.666666666667%;width:calc(16.666666666667% - ( ( 4% + 4% ) * 0.16666666666667 ) );\"><div class=\"fusion-column-wrapper fusion-column-has-shadow fusion-flex-column-wrapper-legacy\"><div class=\"fusion-clearfix\"><\/div><\/div><\/div><\/div><div class=\"fusion-sep-clear\"><\/div><div class=\"fusion-separator fusion-full-width-sep\" style=\"margin-left: auto;margin-right: auto;margin-top:20px;margin-bottom:20px;width:100%;\"><\/div><div class=\"fusion-sep-clear\"><\/div><div class=\"fusion-clearfix\"><\/div><\/div><\/div><div class=\"fusion-layout-column fusion_builder_column fusion-builder-column-2 fusion_builder_column_1_3 1_3 fusion-one-third fusion-column-first fusion-animated\" style=\"--awb-padding-top:60px;--awb-padding-right:30px;--awb-padding-bottom:60px;--awb-padding-left:30px;--awb-overflow:hidden;--awb-bg-color:#ffffff;--awb-bg-color-hover:#ffffff;--awb-bg-image:linear-gradient(0deg, rgba(197,225,245,0.76) 0%,rgba(231,204,182,0) 100%);--awb-bg-size:cover;--awb-box-shadow:0px 10px 30px 0px rgba(41,67,84,0.8);;--awb-border-radius:12px 12px 12px 12px;--awb-margin-top:-30px;--awb-margin-bottom:60px;width:33.333333333333%;width:calc(33.333333333333% - ( ( 4% + 4% ) * 0.33333333333333 ) );margin-right: 4%;\" data-animationType=\"fadeInUp\" data-animationDuration=\"1.0\" data-animationOffset=\"top-into-view\"><div class=\"fusion-column-wrapper fusion-column-has-shadow fusion-flex-column-wrapper-legacy\"><div class=\"fusion-image-element in-legacy-container\" style=\"--awb-caption-title-font-family:var(--h2_typography-font-family);--awb-caption-title-font-weight:var(--h2_typography-font-weight);--awb-caption-title-font-style:var(--h2_typography-font-style);--awb-caption-title-size:var(--h2_typography-font-size);--awb-caption-title-transform:var(--h2_typography-text-transform);--awb-caption-title-line-height:var(--h2_typography-line-height);--awb-caption-title-letter-spacing:var(--h2_typography-letter-spacing);\"><span class=\" fusion-imageframe imageframe-none imageframe-1 hover-type-none\"><img decoding=\"async\" width=\"768\" height=\"1024\" title=\"Eyeliner-1\" src=\"https:\/\/phimastersasenka.com\/wp-content\/uploads\/2020\/01\/Eyeliner-1-1-rotated.jpg\" alt class=\"img-responsive wp-image-2593\" srcset=\"https:\/\/phimastersasenka.com\/wp-content\/uploads\/2020\/01\/Eyeliner-1-1-200x267.jpg 200w, https:\/\/phimastersasenka.com\/wp-content\/uploads\/2020\/01\/Eyeliner-1-1-400x533.jpg 400w, https:\/\/phimastersasenka.com\/wp-content\/uploads\/2020\/01\/Eyeliner-1-1-600x800.jpg 600w, https:\/\/phimastersasenka.com\/wp-content\/uploads\/2020\/01\/Eyeliner-1-1-rotated.jpg 768w\" sizes=\"(max-width: 800px) 100vw, 400px\" \/><\/span><\/div><div class=\"fusion-clearfix\"><\/div><\/div><\/div><div class=\"fusion-layout-column fusion_builder_column fusion-builder-column-3 fusion_builder_column_1_3 1_3 fusion-one-third fusion-animated\" style=\"--awb-padding-top:60px;--awb-padding-right:30px;--awb-padding-bottom:60px;--awb-padding-left:30px;--awb-overflow:hidden;--awb-bg-color:#ffffff;--awb-bg-color-hover:#ffffff;--awb-bg-image:linear-gradient(0deg, rgba(197,225,245,0.76) 0%,rgba(231,204,182,0) 100%);--awb-bg-size:cover;--awb-box-shadow:0px 10px 30px 0px rgba(41,67,84,0.8);;--awb-border-radius:12px 12px 12px 12px;--awb-margin-top:-30px;--awb-margin-bottom:60px;width:33.333333333333%;width:calc(33.333333333333% - ( ( 4% + 4% ) * 0.33333333333333 ) );margin-right: 4%;\" data-animationType=\"fadeInUp\" data-animationDuration=\"1.0\" data-animationOffset=\"top-into-view\"><div class=\"fusion-column-wrapper fusion-column-has-shadow fusion-flex-column-wrapper-legacy\"><div class=\"fusion-image-before-after-wrapper fusion-image-before-after-horizontal type-before-after hover-type-together fusion-image-before-after-wrapper-1\" style=\"--awb-font-size:14px;--awb-bordersize:0px;--awb-accent-color-bg:hsla(var(--awb-color1-h),var(--awb-color1-s),var(--awb-color1-l),calc(var(--awb-color1-a) - 85%));--awb-transition-time:0.5s;\"><div class=\"fusion-image-before-after-element fusion-image-before-after fusion-image-before-after-container fusion-image-before-after-1\" data-offset=\"0.5\" data-orientation=\"horizontal\" data-move-with-handle-only=\"true\" data-click-to-move=\"true\"><img decoding=\"async\" class=\"fusion-image-before-after-before\" src=\"https:\/\/phimastersasenka.com\/wp-content\/uploads\/2020\/01\/Eyeliner-pre-i-posle-1.jpg\" width=\"768\" height=\"841\"><img decoding=\"async\" class=\"fusion-image-before-after-after\" src=\"https:\/\/phimastersasenka.com\/wp-content\/uploads\/2020\/01\/Eyeliner-pre-i-posle-2.jpg\" width=\"768\" height=\"841\"><div class=\"fusion-image-before-after-handle fusion-image-before-after-handle-default\"><span class=\"fusion-image-before-after-left-arrow\"><\/span><span class=\"fusion-image-before-after-right-arrow\"><\/span><\/div><\/div><\/div><div class=\"fusion-clearfix\"><\/div><\/div><\/div><div class=\"fusion-layout-column fusion_builder_column fusion-builder-column-4 fusion_builder_column_1_3 1_3 fusion-one-third fusion-column-last fusion-animated\" style=\"--awb-padding-top:60px;--awb-padding-right:30px;--awb-padding-bottom:60px;--awb-padding-left:30px;--awb-overflow:hidden;--awb-bg-color:#ffffff;--awb-bg-color-hover:#ffffff;--awb-bg-image:linear-gradient(0deg, rgba(197,225,245,0.76) 0%,rgba(231,204,182,0) 100%);--awb-bg-size:cover;--awb-box-shadow:0px 10px 30px 0px rgba(41,67,84,0.8);;--awb-border-radius:12px 12px 12px 12px;--awb-margin-top:-30px;--awb-margin-bottom:60px;width:33.333333333333%;width:calc(33.333333333333% - ( ( 4% + 4% ) * 0.33333333333333 ) );\" data-animationType=\"fadeInUp\" data-animationDuration=\"1.0\" data-animationOffset=\"top-into-view\"><div class=\"fusion-column-wrapper fusion-column-has-shadow fusion-flex-column-wrapper-legacy\"><div class=\"fusion-image-element in-legacy-container\" style=\"--awb-caption-title-font-family:var(--h2_typography-font-family);--awb-caption-title-font-weight:var(--h2_typography-font-weight);--awb-caption-title-font-style:var(--h2_typography-font-style);--awb-caption-title-size:var(--h2_typography-font-size);--awb-caption-title-transform:var(--h2_typography-text-transform);--awb-caption-title-line-height:var(--h2_typography-line-height);--awb-caption-title-letter-spacing:var(--h2_typography-letter-spacing);\"><span class=\" fusion-imageframe imageframe-none imageframe-2 hover-type-none\"><img decoding=\"async\" width=\"768\" height=\"1024\" title=\"Eyeliner-2\" src=\"https:\/\/phimastersasenka.com\/wp-content\/uploads\/2020\/01\/Eyeliner-2-rotated-e1579216050681.jpg\" alt class=\"img-responsive wp-image-2591\" srcset=\"https:\/\/phimastersasenka.com\/wp-content\/uploads\/2020\/01\/Eyeliner-2-rotated-e1579216050681-200x267.jpg 200w, https:\/\/phimastersasenka.com\/wp-content\/uploads\/2020\/01\/Eyeliner-2-rotated-e1579216050681-400x533.jpg 400w, https:\/\/phimastersasenka.com\/wp-content\/uploads\/2020\/01\/Eyeliner-2-rotated-e1579216050681-600x800.jpg 600w, https:\/\/phimastersasenka.com\/wp-content\/uploads\/2020\/01\/Eyeliner-2-rotated-e1579216050681.jpg 768w\" sizes=\"(max-width: 800px) 100vw, 400px\" \/><\/span><\/div><div class=\"fusion-clearfix\"><\/div><\/div><\/div><\/div><\/div><div class=\"fusion-fullwidth fullwidth-box fusion-builder-row-3 fusion-parallax-none nonhundred-percent-fullwidth non-hundred-percent-height-scrolling\" style=\"--awb-background-position:center bottom;--awb-border-radius-top-left:0px;--awb-border-radius-top-right:0px;--awb-border-radius-bottom-right:0px;--awb-border-radius-bottom-left:0px;--awb-padding-bottom:4%;--awb-background-image:linear-gradient(180deg, #ffffff 0%,#c5e1f5 100%),url(https:\/\/phimastersasenka.com\/wp-content\/uploads\/2019\/11\/sasenka-martic-background.jpg);;--awb-background-size:cover;--awb-flex-wrap:wrap;\" ><div class=\"fusion-builder-row fusion-row\"><div class=\"fusion-layout-column fusion_builder_column fusion-builder-column-5 fusion_builder_column_1_6 1_6 fusion-one-sixth fusion-column-first\" style=\"--awb-bg-size:cover;width:16.666666666667%;width:calc(16.666666666667% - ( ( 4% + 4% ) * 0.16666666666667 ) );margin-right: 4%;\"><div class=\"fusion-column-wrapper fusion-column-has-shadow fusion-flex-column-wrapper-legacy\"><div class=\"fusion-clearfix\"><\/div><\/div><\/div><div class=\"fusion-layout-column fusion_builder_column fusion-builder-column-6 fusion_builder_column_2_3 2_3 fusion-two-third fusion-animated\" style=\"--awb-padding-top:60px;--awb-padding-right:30px;--awb-padding-bottom:60px;--awb-padding-left:30px;--awb-overflow:hidden;--awb-bg-color:#ffffff;--awb-bg-color-hover:#ffffff;--awb-bg-image:linear-gradient(0deg, rgba(197,225,245,0.76) 0%,rgba(231,204,182,0) 100%);--awb-bg-size:cover;--awb-box-shadow:0px 10px 30px 0px rgba(41,67,84,0.8);;--awb-border-radius:12px 12px 12px 12px;--awb-margin-top:-30px;--awb-margin-bottom:60px;width:66.666666666667%;width:calc(66.666666666667% - ( ( 4% + 4% ) * 0.66666666666667 ) );margin-right: 4%;\" data-animationType=\"fadeInUp\" data-animationDuration=\"1.0\" data-animationOffset=\"top-into-view\"><div class=\"fusion-column-wrapper fusion-column-has-shadow fusion-flex-column-wrapper-legacy\"><div class=\"fusion-text fusion-text-3\"><p style=\"text-align: center;\"><span style=\"color: #a794a4;\"><strong>RESERVAR<\/strong><\/span><\/p>\n<\/div><div class=\"fusion-title title fusion-title-3 fusion-sep-none fusion-title-center fusion-title-text fusion-title-size-two\" style=\"--awb-text-color:#294354;--awb-margin-top:-30px;--awb-margin-bottom:10px;--awb-margin-top-small:0px;--awb-font-size:60px;\"><h2 class=\"fusion-title-heading title-heading-center fusion-responsive-typography-calculated\" style=\"margin:0;font-size:1em;--fontSize:60;line-height:1.5;\">Entrenamientos y seminarios<\/h2><\/div><div class=\"fusion-aligncenter\"><a class=\"fusion-button button-flat fusion-button-default-size button-custom fusion-button-default button-1 fusion-button-default-span fusion-button-default-type\" style=\"--button_accent_color:#c5e1f5;--button_border_color:#c5e1f5;--button_accent_hover_color:#294354;--button_border_hover_color:#294354;--button_border_width-top:2px;--button_border_width-right:2px;--button_border_width-bottom:2px;--button_border_width-left:2px;--button_gradient_top_color:#294354;--button_gradient_bottom_color:#294354;--button_gradient_top_color_hover:#c5e1f5;--button_gradient_bottom_color_hover:#c5e1f5;--button_text_transform:uppercase;\" target=\"_self\" href=\"https:\/\/phimastersasenka.com\/es\/libro-de-ahora\/\"><span class=\"fusion-button-text awb-button__text awb-button__text--default\">VER Entrenamiento<\/span><\/a><\/div><div class=\"fusion-clearfix\"><\/div><\/div><\/div><div class=\"fusion-layout-column fusion_builder_column fusion-builder-column-7 fusion_builder_column_1_6 1_6 fusion-one-sixth fusion-column-last\" style=\"--awb-bg-size:cover;width:16.666666666667%;width:calc(16.666666666667% - ( ( 4% + 4% ) * 0.16666666666667 ) );\"><div class=\"fusion-column-wrapper fusion-column-has-shadow fusion-flex-column-wrapper-legacy\"><div class=\"fusion-clearfix\"><\/div><\/div><\/div><\/div><\/div><\/p>\n","protected":false},"excerpt":{"rendered":"","protected":false},"author":249,"featured_media":0,"parent":2499,"menu_order":0,"comment_status":"closed","ping_status":"closed","template":"100-width.php","meta":{"footnotes":"","_expiration-date-status":"","_expiration-date":0,"_expiration-date-type":"","_expiration-date-categories":[],"_expiration-date-options":[]},"class_list":["post-2513","page","type-page","status-publish","hentry"],"yoast_head":"<!-- This site is optimized with the Yoast SEO plugin v19.10 - https:\/\/yoast.com\/wordpress\/plugins\/seo\/ -->\n<title>Delineador de ojos PMU - Sasenka Martic<\/title>\n<meta name=\"description\" content=\"Permanent eyeliner make up will give you fuller looking eyelashes every day of the week. Click and find out how.\" \/>\n<meta name=\"robots\" content=\"index, follow, max-snippet:-1, max-image-preview:large, max-video-preview:-1\" \/>\n<link rel=\"canonical\" href=\"https:\/\/phimastersasenka.com\/es\/servicios\/delineador-de-ojos-pmu\/\" \/>\n<meta property=\"og:locale\" content=\"es_ES\" \/>\n<meta property=\"og:type\" content=\"article\" \/>\n<meta property=\"og:title\" content=\"Delineador de ojos PMU - Sasenka Martic\" \/>\n<meta property=\"og:description\" content=\"Permanent eyeliner make up will give you fuller looking eyelashes every day of the week. Click and find out how.\" \/>\n<meta property=\"og:url\" content=\"https:\/\/phimastersasenka.com\/es\/servicios\/delineador-de-ojos-pmu\/\" \/>\n<meta property=\"og:site_name\" content=\"Sasenka Martic\" \/>\n<meta property=\"article:modified_time\" content=\"2020-03-03T00:58:14+00:00\" \/>\n<meta name=\"twitter:card\" content=\"summary_large_image\" \/>\n<meta name=\"twitter:label1\" content=\"Tiempo de lectura\" \/>\n\t<meta name=\"twitter:data1\" content=\"16 minutos\" \/>\n<script type=\"application\/ld+json\" class=\"yoast-schema-graph\">{\"@context\":\"https:\/\/schema.org\",\"@graph\":[{\"@type\":\"WebPage\",\"@id\":\"https:\/\/phimastersasenka.com\/es\/servicios\/delineador-de-ojos-pmu\/\",\"url\":\"https:\/\/phimastersasenka.com\/es\/servicios\/delineador-de-ojos-pmu\/\",\"name\":\"Delineador de ojos PMU - Sasenka Martic\",\"isPartOf\":{\"@id\":\"https:\/\/phimastersasenka.com\/es\/#website\"},\"datePublished\":\"2020-02-27T22:22:57+00:00\",\"dateModified\":\"2020-03-03T00:58:14+00:00\",\"description\":\"Permanent eyeliner make up will give you fuller looking eyelashes every day of the week. Click and find out how.\",\"breadcrumb\":{\"@id\":\"https:\/\/phimastersasenka.com\/es\/servicios\/delineador-de-ojos-pmu\/#breadcrumb\"},\"inLanguage\":\"es\",\"potentialAction\":[{\"@type\":\"ReadAction\",\"target\":[\"https:\/\/phimastersasenka.com\/es\/servicios\/delineador-de-ojos-pmu\/\"]}]},{\"@type\":\"BreadcrumbList\",\"@id\":\"https:\/\/phimastersasenka.com\/es\/servicios\/delineador-de-ojos-pmu\/#breadcrumb\",\"itemListElement\":[{\"@type\":\"ListItem\",\"position\":1,\"name\":\"Home\",\"item\":\"https:\/\/phimastersasenka.com\/es\/\"},{\"@type\":\"ListItem\",\"position\":2,\"name\":\"Servicios\",\"item\":\"https:\/\/phimastersasenka.com\/es\/servicios\/\"},{\"@type\":\"ListItem\",\"position\":3,\"name\":\"Delineador de ojos PMU\"}]},{\"@type\":\"WebSite\",\"@id\":\"https:\/\/phimastersasenka.com\/es\/#website\",\"url\":\"https:\/\/phimastersasenka.com\/es\/\",\"name\":\"Phimaster Sasenka Martic\",\"description\":\"Master technician\",\"potentialAction\":[{\"@type\":\"SearchAction\",\"target\":{\"@type\":\"EntryPoint\",\"urlTemplate\":\"https:\/\/phimastersasenka.com\/es\/?s={search_term_string}\"},\"query-input\":\"required name=search_term_string\"}],\"inLanguage\":\"es\"}]}<\/script>\n<!-- \/ Yoast SEO plugin. -->","yoast_head_json":{"title":"Delineador de ojos PMU - Sasenka Martic","description":"Permanent eyeliner make up will give you fuller looking eyelashes every day of the week. Click and find out how.","robots":{"index":"index","follow":"follow","max-snippet":"max-snippet:-1","max-image-preview":"max-image-preview:large","max-video-preview":"max-video-preview:-1"},"canonical":"https:\/\/phimastersasenka.com\/es\/servicios\/delineador-de-ojos-pmu\/","og_locale":"es_ES","og_type":"article","og_title":"Delineador de ojos PMU - Sasenka Martic","og_description":"Permanent eyeliner make up will give you fuller looking eyelashes every day of the week. Click and find out how.","og_url":"https:\/\/phimastersasenka.com\/es\/servicios\/delineador-de-ojos-pmu\/","og_site_name":"Sasenka Martic","article_modified_time":"2020-03-03T00:58:14+00:00","twitter_card":"summary_large_image","twitter_misc":{"Tiempo de lectura":"16 minutos"},"schema":{"@context":"https:\/\/schema.org","@graph":[{"@type":"WebPage","@id":"https:\/\/phimastersasenka.com\/es\/servicios\/delineador-de-ojos-pmu\/","url":"https:\/\/phimastersasenka.com\/es\/servicios\/delineador-de-ojos-pmu\/","name":"Delineador de ojos PMU - Sasenka Martic","isPartOf":{"@id":"https:\/\/phimastersasenka.com\/es\/#website"},"datePublished":"2020-02-27T22:22:57+00:00","dateModified":"2020-03-03T00:58:14+00:00","description":"Permanent eyeliner make up will give you fuller looking eyelashes every day of the week. Click and find out how.","breadcrumb":{"@id":"https:\/\/phimastersasenka.com\/es\/servicios\/delineador-de-ojos-pmu\/#breadcrumb"},"inLanguage":"es","potentialAction":[{"@type":"ReadAction","target":["https:\/\/phimastersasenka.com\/es\/servicios\/delineador-de-ojos-pmu\/"]}]},{"@type":"BreadcrumbList","@id":"https:\/\/phimastersasenka.com\/es\/servicios\/delineador-de-ojos-pmu\/#breadcrumb","itemListElement":[{"@type":"ListItem","position":1,"name":"Home","item":"https:\/\/phimastersasenka.com\/es\/"},{"@type":"ListItem","position":2,"name":"Servicios","item":"https:\/\/phimastersasenka.com\/es\/servicios\/"},{"@type":"ListItem","position":3,"name":"Delineador de ojos PMU"}]},{"@type":"WebSite","@id":"https:\/\/phimastersasenka.com\/es\/#website","url":"https:\/\/phimastersasenka.com\/es\/","name":"Phimaster Sasenka Martic","description":"Master technician","potentialAction":[{"@type":"SearchAction","target":{"@type":"EntryPoint","urlTemplate":"https:\/\/phimastersasenka.com\/es\/?s={search_term_string}"},"query-input":"required name=search_term_string"}],"inLanguage":"es"}]}},"_links":{"self":[{"href":"https:\/\/phimastersasenka.com\/es\/wp-json\/wp\/v2\/pages\/2513","targetHints":{"allow":["GET"]}}],"collection":[{"href":"https:\/\/phimastersasenka.com\/es\/wp-json\/wp\/v2\/pages"}],"about":[{"href":"https:\/\/phimastersasenka.com\/es\/wp-json\/wp\/v2\/types\/page"}],"author":[{"embeddable":true,"href":"https:\/\/phimastersasenka.com\/es\/wp-json\/wp\/v2\/users\/249"}],"replies":[{"embeddable":true,"href":"https:\/\/phimastersasenka.com\/es\/wp-json\/wp\/v2\/comments?post=2513"}],"version-history":[{"count":1,"href":"https:\/\/phimastersasenka.com\/es\/wp-json\/wp\/v2\/pages\/2513\/revisions"}],"predecessor-version":[{"id":2514,"href":"https:\/\/phimastersasenka.com\/es\/wp-json\/wp\/v2\/pages\/2513\/revisions\/2514"}],"up":[{"embeddable":true,"href":"https:\/\/phimastersasenka.com\/es\/wp-json\/wp\/v2\/pages\/2499"}],"wp:attachment":[{"href":"https:\/\/phimastersasenka.com\/es\/wp-json\/wp\/v2\/media?parent=2513"}],"curies":[{"name":"wp","href":"https:\/\/api.w.org\/{rel}","templated":true}]}}